{"id":103959,"date":"2022-10-26T16:27:11","date_gmt":"2022-10-26T08:27:11","guid":{"rendered":"https:\/\/www.mobile-well.com\/?post_type=product&#038;p=103959"},"modified":"2022-10-26T16:27:50","modified_gmt":"2022-10-26T08:27:50","slug":"altavoz-portatil-bt-inalambrico-de-3-conexion-inalambrica-tarjeta-ff-disco-u-aux-fm-tws","status":"publish","type":"product","link":"https:\/\/www.mobile-well.com\/en\/product\/altavoz-portatil-bt-inalambrico-de-3-conexion-inalambrica-tarjeta-ff-disco-u-aux-fm-tws\/","title":{"rendered":"Altavoz port\u00e1til BT inal\u00e1mbrico de 3&#8243; Conexi\u00f3n inal\u00e1mbrica\/Tarjeta FF\/Disco U\/AUX\/FM\/TWS"},"content":{"rendered":"","protected":false},"excerpt":{"rendered":"<ul>\n<li>Especificaciones del altavoz: 3&#8242; pulgadas *2<\/li>\n<li>Artesan\u00eda:Pl\u00e1stico PP<\/li>\n<li>Capacidad de la bater\u00eda: 18650 800mAh<\/li>\n<li>Especificaciones de Bluetooth:Bluetooth 5.0<\/li>\n<li>Especificaciones del amplificador: 2\u03a9\/5W<\/li>\n<li>Tama\u00f1o del producto:130*130*314mm<\/li>\n<li>Tiempo de reproducci\u00f3n:1-3H<\/li>\n<li>Distancia de transmisi\u00f3n:10M<\/li>\n<li>Peso por juego:0.875KG<\/li>\n<li>Respuesta de frecuencia:70Hz-20KHz<\/li>\n<li>La funci\u00f3n principal:Bluetooth\/ Tarjeta TF\/ Unidad USB\/ AUX\/ FM\/ TWS<\/li>\n<\/ul>\n","protected":false},"featured_media":103964,"template":"","meta":[],"product_brand":[],"product_cat":[255],"product_tag":[7672],"class_list":{"0":"post-103959","1":"product","2":"type-product","3":"status-publish","4":"has-post-thumbnail","6":"product_cat-speakers","7":"product_tag-altavoz-portatil-bt-inalambrico-de-3-pulgadas","9":"first","10":"instock","11":"shipping-taxable","12":"product-type-simple"},"jetpack_sharing_enabled":true,"_links":{"self":[{"href":"https:\/\/www.mobile-well.com\/en\/wp-json\/wp\/v2\/product\/103959","targetHints":{"allow":["GET"]}}],"collection":[{"href":"https:\/\/www.mobile-well.com\/en\/wp-json\/wp\/v2\/product"}],"about":[{"href":"https:\/\/www.mobile-well.com\/en\/wp-json\/wp\/v2\/types\/product"}],"wp:featuredmedia":[{"embeddable":true,"href":"https:\/\/www.mobile-well.com\/en\/wp-json\/wp\/v2\/media\/103964"}],"wp:attachment":[{"href":"https:\/\/www.mobile-well.com\/en\/wp-json\/wp\/v2\/media?parent=103959"}],"wp:term":[{"taxonomy":"product_brand","embeddable":true,"href":"https:\/\/www.mobile-well.com\/en\/wp-json\/wp\/v2\/product_brand?post=103959"},{"taxonomy":"product_cat","embeddable":true,"href":"https:\/\/www.mobile-well.com\/en\/wp-json\/wp\/v2\/product_cat?post=103959"},{"taxonomy":"product_tag","embeddable":true,"href":"https:\/\/www.mobile-well.com\/en\/wp-json\/wp\/v2\/product_tag?post=103959"}],"curies":[{"name":"wp","href":"https:\/\/api.w.org\/{rel}","templated":true}]}}