{"id":105911,"date":"2023-01-03T16:58:58","date_gmt":"2023-01-03T08:58:58","guid":{"rendered":"https:\/\/www.mobile-well.com\/?post_type=product&#038;p=105911"},"modified":"2023-01-03T16:59:00","modified_gmt":"2023-01-03T08:59:00","slug":"electrochapado-transparente-big-hole-atraccion-magnetica-tpu-phone-case","status":"publish","type":"product","link":"https:\/\/www.mobile-well.com\/en\/product\/electrochapado-transparente-big-hole-atraccion-magnetica-tpu-phone-case\/","title":{"rendered":"Electrochapado Transparente Big Hole Atracci\u00f3n magn\u00e9tica TPU Phone Case"},"content":{"rendered":"","protected":false},"excerpt":{"rendered":"<ul>\n<li>N.\u00ba de producto P1021-A15<\/li>\n<li>Material:TPU<\/li>\n<li>Artesan\u00eda: galvanoplastia + atracci\u00f3n magn\u00e9tica<\/li>\n<li>N.W del producto: 33.7g<\/li>\n<li>Tama\u00f1o CTN: 60*45*33cm 500pcs\/ctn 16.85KG<\/li>\n<\/ul>\n","protected":false},"featured_media":105916,"template":"","meta":[],"product_brand":[],"product_cat":[55],"product_tag":[7795],"class_list":{"0":"post-105911","1":"product","2":"type-product","3":"status-publish","4":"has-post-thumbnail","6":"product_cat-phone-case","7":"product_tag-big-hole-atraccion-magnetica-tpu-phone-case-2","9":"first","10":"instock","11":"shipping-taxable","12":"product-type-simple"},"jetpack_sharing_enabled":true,"_links":{"self":[{"href":"https:\/\/www.mobile-well.com\/en\/wp-json\/wp\/v2\/product\/105911","targetHints":{"allow":["GET"]}}],"collection":[{"href":"https:\/\/www.mobile-well.com\/en\/wp-json\/wp\/v2\/product"}],"about":[{"href":"https:\/\/www.mobile-well.com\/en\/wp-json\/wp\/v2\/types\/product"}],"wp:featuredmedia":[{"embeddable":true,"href":"https:\/\/www.mobile-well.com\/en\/wp-json\/wp\/v2\/media\/105916"}],"wp:attachment":[{"href":"https:\/\/www.mobile-well.com\/en\/wp-json\/wp\/v2\/media?parent=105911"}],"wp:term":[{"taxonomy":"product_brand","embeddable":true,"href":"https:\/\/www.mobile-well.com\/en\/wp-json\/wp\/v2\/product_brand?post=105911"},{"taxonomy":"product_cat","embeddable":true,"href":"https:\/\/www.mobile-well.com\/en\/wp-json\/wp\/v2\/product_cat?post=105911"},{"taxonomy":"product_tag","embeddable":true,"href":"https:\/\/www.mobile-well.com\/en\/wp-json\/wp\/v2\/product_tag?post=105911"}],"curies":[{"name":"wp","href":"https:\/\/api.w.org\/{rel}","templated":true}]}}