{"id":108900,"date":"2023-04-17T11:25:32","date_gmt":"2023-04-17T03:25:32","guid":{"rendered":"https:\/\/www.mobile-well.com\/?post_type=product&#038;p=108900"},"modified":"2023-04-17T11:25:33","modified_gmt":"2023-04-17T03:25:33","slug":"atraccion-magnetica-con-polvo-brillante-protector-de-lente-afijo-funda-de-cuero-tpupc-para-telefono","status":"publish","type":"product","link":"https:\/\/www.mobile-well.com\/en\/product\/atraccion-magnetica-con-polvo-brillante-protector-de-lente-afijo-funda-de-cuero-tpupc-para-telefono\/","title":{"rendered":"Atracci\u00f3n Magn\u00e9tica con Polvo Brillante Protector de Lente Afijo Funda de Cuero TPU+PC para Tel\u00e9fono"},"content":{"rendered":"","protected":false},"excerpt":{"rendered":"<ul>\n<li>N.\u00ba de producto P0330-A03<\/li>\n<li>MOQ:50Pcs\/Modelo,10Pcs\/color<\/li>\n<li>Material:TPU+PC<\/li>\n<li>Artesan\u00eda:Affix Cuero<\/li>\n<li>N.W del producto: 27.4g<\/li>\n<li>Tama\u00f1o CTN: 60*45*33cm 500pcs\/ctn 13.7KG<\/li>\n<\/ul>\n","protected":false},"featured_media":108911,"template":"","meta":[],"product_brand":[],"product_cat":[55],"product_tag":[7953],"class_list":{"0":"post-108900","1":"product","2":"type-product","3":"status-publish","4":"has-post-thumbnail","6":"product_cat-phone-case","7":"product_tag-lente-afijo-funda-de-cuero-tpupc-para-telefono-2","9":"first","10":"instock","11":"shipping-taxable","12":"product-type-simple"},"jetpack_sharing_enabled":true,"_links":{"self":[{"href":"https:\/\/www.mobile-well.com\/en\/wp-json\/wp\/v2\/product\/108900","targetHints":{"allow":["GET"]}}],"collection":[{"href":"https:\/\/www.mobile-well.com\/en\/wp-json\/wp\/v2\/product"}],"about":[{"href":"https:\/\/www.mobile-well.com\/en\/wp-json\/wp\/v2\/types\/product"}],"wp:featuredmedia":[{"embeddable":true,"href":"https:\/\/www.mobile-well.com\/en\/wp-json\/wp\/v2\/media\/108911"}],"wp:attachment":[{"href":"https:\/\/www.mobile-well.com\/en\/wp-json\/wp\/v2\/media?parent=108900"}],"wp:term":[{"taxonomy":"product_brand","embeddable":true,"href":"https:\/\/www.mobile-well.com\/en\/wp-json\/wp\/v2\/product_brand?post=108900"},{"taxonomy":"product_cat","embeddable":true,"href":"https:\/\/www.mobile-well.com\/en\/wp-json\/wp\/v2\/product_cat?post=108900"},{"taxonomy":"product_tag","embeddable":true,"href":"https:\/\/www.mobile-well.com\/en\/wp-json\/wp\/v2\/product_tag?post=108900"}],"curies":[{"name":"wp","href":"https:\/\/api.w.org\/{rel}","templated":true}]}}