{"id":111899,"date":"2023-07-19T11:04:54","date_gmt":"2023-07-19T03:04:54","guid":{"rendered":"https:\/\/www.mobile-well.com\/?post_type=product&#038;p=111899"},"modified":"2023-07-19T11:04:55","modified_gmt":"2023-07-19T03:04:55","slug":"1-5mm-acrilico-cristalino-agujero-grande-moldeo-por-inyeccion-tpu-caja-de-telefono-acrilica","status":"publish","type":"product","link":"https:\/\/www.mobile-well.com\/en\/product\/1-5mm-acrilico-cristalino-agujero-grande-moldeo-por-inyeccion-tpu-caja-de-telefono-acrilica\/","title":{"rendered":"1.5MM acr\u00edlico cristalino Agujero grande Moldeo por inyecci\u00f3n TPU + caja de tel\u00e9fono acr\u00edlica"},"content":{"rendered":"","protected":false},"excerpt":{"rendered":"<ul>\n<li>N.\u00ba de producto P7070-A09<\/li>\n<li>Marco de c\u00e1mara para PC<\/li>\n<li>Marco de la c\u00e1mara de hardware<\/li>\n<li>MOQ:100Pcs\/Modelo, 20Pcs\/color<\/li>\n<li>N.W. del producto: 34.4g<\/li>\n<li>Tama\u00f1o CTN: 60*45*33cm,500pcs\/ctn,17..20KG<\/li>\n<\/ul>\n","protected":false},"featured_media":111908,"template":"","meta":[],"product_brand":[],"product_cat":[55],"product_tag":[8075],"class_list":{"0":"post-111899","1":"product","2":"type-product","3":"status-publish","4":"has-post-thumbnail","6":"product_cat-phone-case","7":"product_tag-tpu-caja-de-telefono-acrilica-2","9":"first","10":"instock","11":"shipping-taxable","12":"product-type-simple"},"jetpack_sharing_enabled":true,"_links":{"self":[{"href":"https:\/\/www.mobile-well.com\/en\/wp-json\/wp\/v2\/product\/111899","targetHints":{"allow":["GET"]}}],"collection":[{"href":"https:\/\/www.mobile-well.com\/en\/wp-json\/wp\/v2\/product"}],"about":[{"href":"https:\/\/www.mobile-well.com\/en\/wp-json\/wp\/v2\/types\/product"}],"wp:featuredmedia":[{"embeddable":true,"href":"https:\/\/www.mobile-well.com\/en\/wp-json\/wp\/v2\/media\/111908"}],"wp:attachment":[{"href":"https:\/\/www.mobile-well.com\/en\/wp-json\/wp\/v2\/media?parent=111899"}],"wp:term":[{"taxonomy":"product_brand","embeddable":true,"href":"https:\/\/www.mobile-well.com\/en\/wp-json\/wp\/v2\/product_brand?post=111899"},{"taxonomy":"product_cat","embeddable":true,"href":"https:\/\/www.mobile-well.com\/en\/wp-json\/wp\/v2\/product_cat?post=111899"},{"taxonomy":"product_tag","embeddable":true,"href":"https:\/\/www.mobile-well.com\/en\/wp-json\/wp\/v2\/product_tag?post=111899"}],"curies":[{"name":"wp","href":"https:\/\/api.w.org\/{rel}","templated":true}]}}