{"id":117663,"date":"2024-03-30T15:25:03","date_gmt":"2024-03-30T08:59:12","guid":{"rendered":"https:\/\/www.mobile-well.com\/product\/somostel-high-quality-tpu-transparent-acrylic-2-in-1-mobile-phone-case\/"},"modified":"2024-03-30T17:03:15","modified_gmt":"2024-03-30T09:03:15","slug":"somostel-high-quality-tpu-transparent-acrylic-2-in-1-mobile-phone-case","status":"publish","type":"product","link":"https:\/\/www.mobile-well.com\/en\/product\/somostel-high-quality-tpu-transparent-acrylic-2-in-1-mobile-phone-case\/","title":{"rendered":"somostel high quality TPU + transparent acrylic 2 in 1 mobile phone case"},"content":{"rendered":"<p><iframe loading=\"lazy\" title=\"alta calidad TPU + acr\u00edlico transparente 2 en 1 funda de tel\u00e9fono m\u00f3vil\" width=\"1020\" height=\"765\" src=\"https:\/\/www.youtube.com\/embed\/R4OTx4viiS4?feature=oembed\" frameborder=\"0\" allow=\"accelerometer; autoplay; clipboard-write; encrypted-media; gyroscope; picture-in-picture; web-share\" referrerpolicy=\"strict-origin-when-cross-origin\" allowfullscreen><\/iframe><\/p>\n","protected":false},"excerpt":{"rendered":"<ul>\n<li>Product NO.:P1503-A03<\/li>\n<li>Material: TPU + acrylic + hardware lens and keypad<\/li>\n<li>Craftsmanship:Injection moulding<\/li>\n<li>MOQ:100Pcs\/Model,20Pcs\/Colour<\/li>\n<li>N.W. of product:48.9g<\/li>\n<li>CTN size:60*45*33cm,500pcs\/ctn ,24.45kg<\/li>\n<\/ul>\n<p>&nbsp;<\/p>\n","protected":false},"featured_media":117649,"template":"","meta":[],"product_brand":[],"product_cat":[55],"product_tag":[1266,10068,8295,10069,10070,713],"class_list":{"0":"post-117663","1":"product","2":"type-product","3":"status-publish","4":"has-post-thumbnail","6":"product_cat-phone-case","7":"product_tag-2-in-1-leather-case","8":"product_tag-2-in-1-mobile-phone-case-3","9":"product_tag-moq100-3","10":"product_tag-somostel-high-quality","11":"product_tag-tpu-clear-acrylic","12":"product_tag-tpu-protector-case","14":"first","15":"instock","16":"shipping-taxable","17":"product-type-simple"},"jetpack_sharing_enabled":true,"_links":{"self":[{"href":"https:\/\/www.mobile-well.com\/en\/wp-json\/wp\/v2\/product\/117663","targetHints":{"allow":["GET"]}}],"collection":[{"href":"https:\/\/www.mobile-well.com\/en\/wp-json\/wp\/v2\/product"}],"about":[{"href":"https:\/\/www.mobile-well.com\/en\/wp-json\/wp\/v2\/types\/product"}],"wp:featuredmedia":[{"embeddable":true,"href":"https:\/\/www.mobile-well.com\/en\/wp-json\/wp\/v2\/media\/117649"}],"wp:attachment":[{"href":"https:\/\/www.mobile-well.com\/en\/wp-json\/wp\/v2\/media?parent=117663"}],"wp:term":[{"taxonomy":"product_brand","embeddable":true,"href":"https:\/\/www.mobile-well.com\/en\/wp-json\/wp\/v2\/product_brand?post=117663"},{"taxonomy":"product_cat","embeddable":true,"href":"https:\/\/www.mobile-well.com\/en\/wp-json\/wp\/v2\/product_cat?post=117663"},{"taxonomy":"product_tag","embeddable":true,"href":"https:\/\/www.mobile-well.com\/en\/wp-json\/wp\/v2\/product_tag?post=117663"}],"curies":[{"name":"wp","href":"https:\/\/api.w.org\/{rel}","templated":true}]}}