{"id":117720,"date":"2024-04-02T17:19:04","date_gmt":"2024-04-02T09:37:57","guid":{"rendered":"https:\/\/www.mobile-well.com\/product\/2024-new-tpu-oil-injection-process-anti-fall-mobile-phone-case\/"},"modified":"2024-04-02T17:55:16","modified_gmt":"2024-04-02T09:55:16","slug":"2024-new-tpu-oil-injection-process-anti-fall-mobile-phone-case","status":"publish","type":"product","link":"https:\/\/www.mobile-well.com\/en\/product\/2024-new-tpu-oil-injection-process-anti-fall-mobile-phone-case\/","title":{"rendered":"2024 new TPU oil injection process anti-fall mobile phone case"},"content":{"rendered":"<p><iframe loading=\"lazy\" title=\"2024 nueva caja antica\u00edda del tel\u00e9fono m\u00f3vil del proceso de inyecci\u00f3n de aceite de TPU\" width=\"1020\" height=\"765\" src=\"https:\/\/www.youtube.com\/embed\/reZHiWoZZT4?feature=oembed\" frameborder=\"0\" allow=\"accelerometer; autoplay; clipboard-write; encrypted-media; gyroscope; picture-in-picture; web-share\" referrerpolicy=\"strict-origin-when-cross-origin\" allowfullscreen><\/iframe><\/p>\n","protected":false},"excerpt":{"rendered":"<ul>\n<li>Product NO.:P1503-A16<\/li>\n<li>Material:TPU<\/li>\n<li>Craftsmanship: oil injection<\/li>\n<li>Minimum order quantity: 100 pieces\/model, 20 pieces\/colour.<\/li>\n<li>Product net weight: 48.2g<\/li>\n<li>Product gross weight: 66.8g<\/li>\n<\/ul>\n","protected":false},"featured_media":117671,"template":"","meta":[],"product_brand":[],"product_cat":[55],"product_tag":[10080,10081,10082],"class_list":{"0":"post-117720","1":"product","2":"type-product","3":"status-publish","4":"has-post-thumbnail","6":"product_cat-phone-case","7":"product_tag-2024-new-anti-fall-mobile-phone-case","8":"product_tag-mobile-phone-anti-drop-case","9":"product_tag-tpu-oil-injection","11":"first","12":"instock","13":"shipping-taxable","14":"product-type-simple"},"jetpack_sharing_enabled":true,"_links":{"self":[{"href":"https:\/\/www.mobile-well.com\/en\/wp-json\/wp\/v2\/product\/117720","targetHints":{"allow":["GET"]}}],"collection":[{"href":"https:\/\/www.mobile-well.com\/en\/wp-json\/wp\/v2\/product"}],"about":[{"href":"https:\/\/www.mobile-well.com\/en\/wp-json\/wp\/v2\/types\/product"}],"wp:featuredmedia":[{"embeddable":true,"href":"https:\/\/www.mobile-well.com\/en\/wp-json\/wp\/v2\/media\/117671"}],"wp:attachment":[{"href":"https:\/\/www.mobile-well.com\/en\/wp-json\/wp\/v2\/media?parent=117720"}],"wp:term":[{"taxonomy":"product_brand","embeddable":true,"href":"https:\/\/www.mobile-well.com\/en\/wp-json\/wp\/v2\/product_brand?post=117720"},{"taxonomy":"product_cat","embeddable":true,"href":"https:\/\/www.mobile-well.com\/en\/wp-json\/wp\/v2\/product_cat?post=117720"},{"taxonomy":"product_tag","embeddable":true,"href":"https:\/\/www.mobile-well.com\/en\/wp-json\/wp\/v2\/product_tag?post=117720"}],"curies":[{"name":"wp","href":"https:\/\/api.w.org\/{rel}","templated":true}]}}