{"id":55427,"date":"2021-08-18T17:23:08","date_gmt":"2021-08-18T09:23:08","guid":{"rendered":"https:\/\/www.mobile-well.com\/nosotros-jqx\/"},"modified":"2024-01-29T17:09:46","modified_gmt":"2024-01-29T09:09:46","slug":"nosotros","status":"publish","type":"page","link":"https:\/\/www.mobile-well.com\/es\/nosotros\/","title":{"rendered":"Sobre JQX"},"content":{"rendered":"\n\n\t<section class=\"section\" id=\"section_1180088789\">\n\t\t<div class=\"section-bg fill\" >\n\t\t\t\t\t\t\t\t\t<div class=\"section-bg-overlay absolute fill\"><\/div>\n\t\t\t\n\n\t\t<\/div>\n\n\t\t\n\n\t\t<div class=\"section-content relative\">\n\t\t\t\n\n\t<div id=\"text-1213134886\" class=\"text\">\n\t\t\n\n<h2>Sobre JQX<\/h2>\n\t\t\n<style>\n#text-1213134886 {\n  text-align: center;\n}\n<\/style>\n\t<\/div>\n\t\n<div class=\"row row-collapse align-center\"  id=\"row-848571570\">\n\n\n\t<div id=\"col-853514372\" class=\"col medium-10 small-12 large-10\"  data-animate=\"bounceInUp\">\n\t\t\t\t<div class=\"col-inner text-center\"  >\n\t\t\t\n\t\t\t\n\n<p style=\"text-align: left;\">La empresa JQX Industrial Co., Ltd. fue fundada en el a\u00f1o 2001. Somos una empresa dedicada a la fabricaci\u00f3n y comercializaci\u00f3n de accesorios para tel\u00e9fonos m\u00f3viles y repuestos para tel\u00e9fonos m\u00f3viles. <\/p>\n<p style=\"text-align: left;\">Manejamos una amplia variedad de accesorios y repuestos para tel\u00e9fonos celulares, tales como:<\/p>\n<ul>\n<li style=\"text-align: left;\"><span style=\"color: #ff0000;\">Repuestos para tel\u00e9fonos m\u00f3viles<\/span><\/li>\n<li style=\"text-align: left;\"><span style=\"color: #ff0000;\">Pantalla t\u00e1ctil<\/span><\/li>\n<li style=\"text-align: left;\"><span style=\"color: #ff0000;\">LCDs<\/span><\/li>\n<li style=\"text-align: left;\"><span style=\"color: #ff0000;\">Cables flexibles<\/span><\/li>\n<li style=\"text-align: left;\"><span style=\"color: #ff0000;\">Fundas para m\u00f3viles, calas, fundas de piel, fundas y fundas de silicona<\/span><\/li>\n<li style=\"text-align: left;\"><span style=\"color: #ff0000;\">Bater\u00eda del tel\u00e9fono m\u00f3vil<\/span><\/li>\n<li style=\"text-align: left;\"><span style=\"color: #ff0000;\">pel\u00edculas de vidrio templado<\/span><\/li>\n<li style=\"text-align: left;\"><span style=\"color: #ff0000;\">Auricular<\/span><\/li>\n<li style=\"text-align: left;\"><span style=\"color: #ff0000;\">Cables USB<\/span><\/li>\n<li style=\"text-align: left;\"><span style=\"color: #ff0000;\">Cargadores<\/span><\/li>\n<li style=\"text-align: left;\"><span style=\"color: #ff0000;\">Power Banks<\/span><\/li>\n<li style=\"text-align: left;\"><span style=\"color: #ff0000;\">y otros accesorios para tel\u00e9fonos m\u00f3viles<\/span><\/li>\n<\/ul>\n<p style=\"text-align: left;\">JQX siempre se ha dedicado al principio de \u00abcalidad primero\u00bb y durante los \u00faltimos 20 a\u00f1os, hemos buscado constantemente desarrollar nuevos productos. Desde la preparaci\u00f3n de obras de arte, el moldeado, la producci\u00f3n en masa hasta el embalaje, cada procedimiento se realiza bajo la supervisi\u00f3n de trabajadores experimentados en nuestras propias f\u00e1bricas. <\/p>\n<p style=\"text-align: left;\">La satisfacci\u00f3n del cliente es nuestro principal objetivo. Desarrollamos continuamente nuestro personal de servicio al cliente para satisfacer la demanda de nuestros clientes. El plazo de entrega siempre ser\u00e1 igualado. Con el desarrollo de la alta velocidad, llevar as\u00ed los productos al mercado en el menor tiempo posible al mejor precio.   <\/p>\n<p style=\"text-align: left;\">Nuestros clientes se encuentran en todo el mundo, incluidos Estados Unidos, Canad\u00e1, Australia, M\u00e9xico y muchos pa\u00edses de Europa, as\u00ed como de \u00c1frica y Asia.<\/p>\n<p style=\"text-align: left;\">Esperamos cooperar con usted en un futuro pr\u00f3ximo. \u00a1Cont\u00e1ctanos ahora! <\/p>\n\n\t\t<\/div>\n\t\t\t\t\n<style>\n#col-853514372 > .col-inner {\n  padding: 50px 0px 50px 0px;\n}\n<\/style>\n\t<\/div>\n\n\t\n\n<\/div>\n\n\t\t<\/div>\n\n\t\t\n<style>\n#section_1180088789 {\n  padding-top: 0px;\n  padding-bottom: 0px;\n}\n#section_1180088789 .section-bg-overlay {\n  background-color: rgba(255, 255, 255, 0.85);\n}\n<\/style>\n\t<\/section>\n\t\n\n\t<section class=\"section\" id=\"section_167795479\">\n\t\t<div class=\"section-bg fill\" >\n\t\t\t\t\t\t\t\t\t\n\t\t\t\n\n\t\t<\/div>\n\n\t\t\n\n\t\t<div class=\"section-content relative\">\n\t\t\t\n\n<div class=\"row row-collapse align-center\"  id=\"row-318684172\">\n\n\n\t<div id=\"col-638980671\" class=\"col medium-10 large-10\"  data-animate=\"bounceInUp\">\n\t\t\t\t<div class=\"col-inner text-center\"  >\n\t\t\t\n\t\t\t\n\n\t<div class=\"img has-hover x md-x lg-x y md-y lg-y\" id=\"image_1185435532\">\n\t\t\t\t\t\t\t\t<div class=\"img-inner dark\" >\n\t\t\t<img decoding=\"async\" width=\"1280\" height=\"720\" src=\"https:\/\/e2wqn24me72.exactdn.com\/wp-content\/uploads\/2024\/01\/somostel-team.webp?strip=all\" class=\"attachment-large size-large\" alt=\"SOMOSTEL Sales Team\" srcset=\"https:\/\/e2wqn24me72.exactdn.com\/wp-content\/uploads\/2024\/01\/somostel-team.webp?strip=all 1280w, https:\/\/e2wqn24me72.exactdn.com\/wp-content\/uploads\/2024\/01\/somostel-team-768x432.webp?strip=all 768w, https:\/\/e2wqn24me72.exactdn.com\/wp-content\/uploads\/2024\/01\/somostel-team-600x338.webp?strip=all 600w, https:\/\/e2wqn24me72.exactdn.com\/wp-content\/uploads\/2024\/01\/somostel-team.webp?strip=all&amp;w=256 256w, https:\/\/e2wqn24me72.exactdn.com\/wp-content\/uploads\/2024\/01\/somostel-team.webp?strip=all&amp;w=512 512w, https:\/\/e2wqn24me72.exactdn.com\/wp-content\/uploads\/2024\/01\/somostel-team.webp?strip=all&amp;w=1024 1024w, https:\/\/e2wqn24me72.exactdn.com\/wp-content\/uploads\/2024\/01\/somostel-team.webp?strip=all&amp;w=450 450w\" sizes=\"(max-width: 1020px) 100vw, 1020px\" title=\"\">\t\t\t\t\t\t\n\t\t\t\t\t<\/div>\n\t\t\t\t\t\t\t\t\n<style>\n#image_1185435532 {\n  width: 100%;\n}\n<\/style>\n\t<\/div>\n\t\n\n\t<div class=\"img has-hover x md-x lg-x y md-y lg-y\" id=\"image_1902353639\">\n\t\t\t\t\t\t\t\t<div class=\"img-inner dark\" >\n\t\t\t<img decoding=\"async\" width=\"1200\" height=\"1200\" src=\"https:\/\/e2wqn24me72.exactdn.com\/wp-content\/uploads\/2021\/07\/SOMOSTEL-Team.jpg?strip=all\" class=\"attachment-large size-large\" alt=\"\" srcset=\"https:\/\/e2wqn24me72.exactdn.com\/wp-content\/uploads\/2021\/07\/SOMOSTEL-Team.jpg?strip=all 1200w, https:\/\/e2wqn24me72.exactdn.com\/wp-content\/uploads\/2021\/07\/SOMOSTEL-Team-300x300.jpg?strip=all 300w, https:\/\/e2wqn24me72.exactdn.com\/wp-content\/uploads\/2021\/07\/SOMOSTEL-Team-768x768.jpg?strip=all 768w, https:\/\/e2wqn24me72.exactdn.com\/wp-content\/uploads\/2021\/07\/SOMOSTEL-Team-600x600.jpg?strip=all 600w, https:\/\/e2wqn24me72.exactdn.com\/wp-content\/uploads\/2021\/07\/SOMOSTEL-Team-100x100.jpg?strip=all 100w, https:\/\/e2wqn24me72.exactdn.com\/wp-content\/uploads\/2021\/07\/SOMOSTEL-Team.jpg?strip=all&amp;w=240 240w, https:\/\/e2wqn24me72.exactdn.com\/wp-content\/uploads\/2021\/07\/SOMOSTEL-Team.jpg?strip=all&amp;w=480 480w, https:\/\/e2wqn24me72.exactdn.com\/wp-content\/uploads\/2021\/07\/SOMOSTEL-Team.jpg?strip=all&amp;w=960 960w\" sizes=\"(max-width: 1020px) 100vw, 1020px\" title=\"\">\t\t\t\t\t\t\n\t\t\t\t\t<\/div>\n\t\t\t\t\t\t\t\t\n<style>\n#image_1902353639 {\n  width: 100%;\n}\n<\/style>\n\t<\/div>\n\t\n\n\n\t\t<\/div>\n\t\t\t\t\t<\/div>\n\n\t\n\n<\/div>\n\n\t\t<\/div>\n\n\t\t\n<style>\n#section_167795479 {\n  padding-top: 30px;\n  padding-bottom: 30px;\n}\n<\/style>\n\t<\/section>\n\t\n\n","protected":false},"excerpt":{"rendered":"","protected":false},"author":1,"featured_media":0,"parent":0,"menu_order":0,"comment_status":"closed","ping_status":"closed","template":"","meta":{"footnotes":""},"class_list":["post-55427","page","type-page","status-publish","hentry"],"jetpack_sharing_enabled":true,"_links":{"self":[{"href":"https:\/\/www.mobile-well.com\/es\/wp-json\/wp\/v2\/pages\/55427","targetHints":{"allow":["GET"]}}],"collection":[{"href":"https:\/\/www.mobile-well.com\/es\/wp-json\/wp\/v2\/pages"}],"about":[{"href":"https:\/\/www.mobile-well.com\/es\/wp-json\/wp\/v2\/types\/page"}],"author":[{"embeddable":true,"href":"https:\/\/www.mobile-well.com\/es\/wp-json\/wp\/v2\/users\/1"}],"replies":[{"embeddable":true,"href":"https:\/\/www.mobile-well.com\/es\/wp-json\/wp\/v2\/comments?post=55427"}],"version-history":[{"count":5,"href":"https:\/\/www.mobile-well.com\/es\/wp-json\/wp\/v2\/pages\/55427\/revisions"}],"predecessor-version":[{"id":117461,"href":"https:\/\/www.mobile-well.com\/es\/wp-json\/wp\/v2\/pages\/55427\/revisions\/117461"}],"wp:attachment":[{"href":"https:\/\/www.mobile-well.com\/es\/wp-json\/wp\/v2\/media?parent=55427"}],"curies":[{"name":"wp","href":"https:\/\/api.w.org\/{rel}","templated":true}]}}