{"id":101907,"date":"2022-06-13T16:27:01","date_gmt":"2022-06-13T08:27:01","guid":{"rendered":"https:\/\/www.mobile-well.com\/?post_type=product&#038;p=101907"},"modified":"2022-06-13T16:32:30","modified_gmt":"2022-06-13T08:32:30","slug":"cable-de-datos-sms-bp14","status":"publish","type":"product","link":"https:\/\/www.mobile-well.com\/es\/producto\/cable-de-datos-sms-bp14\/","title":{"rendered":"Cable de datos SMS-BP14"},"content":{"rendered":"","protected":false},"excerpt":{"rendered":"<ul>\n<li>salida\uff1a3.1A<\/li>\n<li>longitud:3ft\/1m<\/li>\n<li>color:negro\/blanco<\/li>\n<li>producto N.W:23.6g<\/li>\n<li>interfaz:IPH.TYPE C.MICRO<\/li>\n<li>MATERIAL:MATERIAL DE PVC DE ALTA CALIDAD<\/li>\n<li>FUNCI\u00d3N:CARGA R\u00c1PIDA + TRANSMISI\u00d3N R\u00c1PIDA<\/li>\n<\/ul>\n","protected":false},"featured_media":101911,"template":"","meta":[],"product_brand":[],"product_cat":[76],"product_tag":[7557,7558],"class_list":{"0":"post-101907","1":"product","2":"type-product","3":"status-publish","4":"has-post-thumbnail","6":"product_cat-cargadores","7":"product_tag-datos-de-carga","8":"product_tag-datos-de-carga-rapida","10":"first","11":"instock","12":"shipping-taxable","13":"product-type-simple"},"jetpack_sharing_enabled":true,"_links":{"self":[{"href":"https:\/\/www.mobile-well.com\/es\/wp-json\/wp\/v2\/product\/101907","targetHints":{"allow":["GET"]}}],"collection":[{"href":"https:\/\/www.mobile-well.com\/es\/wp-json\/wp\/v2\/product"}],"about":[{"href":"https:\/\/www.mobile-well.com\/es\/wp-json\/wp\/v2\/types\/product"}],"wp:featuredmedia":[{"embeddable":true,"href":"https:\/\/www.mobile-well.com\/es\/wp-json\/wp\/v2\/media\/101911"}],"wp:attachment":[{"href":"https:\/\/www.mobile-well.com\/es\/wp-json\/wp\/v2\/media?parent=101907"}],"wp:term":[{"taxonomy":"product_brand","embeddable":true,"href":"https:\/\/www.mobile-well.com\/es\/wp-json\/wp\/v2\/product_brand?post=101907"},{"taxonomy":"product_cat","embeddable":true,"href":"https:\/\/www.mobile-well.com\/es\/wp-json\/wp\/v2\/product_cat?post=101907"},{"taxonomy":"product_tag","embeddable":true,"href":"https:\/\/www.mobile-well.com\/es\/wp-json\/wp\/v2\/product_tag?post=101907"}],"curies":[{"name":"wp","href":"https:\/\/api.w.org\/{rel}","templated":true}]}}