{"id":102002,"date":"2022-06-15T15:25:42","date_gmt":"2022-06-15T07:25:42","guid":{"rendered":"https:\/\/www.mobile-well.com\/?post_type=product&#038;p=102002"},"modified":"2022-06-15T15:37:58","modified_gmt":"2022-06-15T07:37:58","slug":"12w-cloth-braided-cord-sr-extend-fast-charging-data-usb-cable-for-iph-micro-type-c","status":"publish","type":"product","link":"https:\/\/www.mobile-well.com\/es\/producto\/12w-cloth-braided-cord-sr-extend-fast-charging-data-usb-cable-for-iph-micro-type-c\/","title":{"rendered":"12W Cloth Braided Cord SR Extend Fast Charging Data USB Cable for IPH\/Micro\/Type C"},"content":{"rendered":"","protected":false},"excerpt":{"rendered":"<ul>\n<li>Nombre: Cable de datos de tejido de aleaci\u00f3n de zinc trenzado<\/li>\n<li>Tama\u00f1o\uff1aLongitud de l\u00ednea 1m<\/li>\n<li>Material: material trenzado de tela<\/li>\n<li>Caracter\u00edsticas: m\u00e1s de 2,4 A, cola de red extendida para evitar roturas, juntas galv\u00e1nicas para un tacto m\u00e1s premium, y tambi\u00e9n m\u00e1s resistente a los ara\u00f1azos<\/li>\n<\/ul>\n","protected":false},"featured_media":102018,"template":"","meta":[],"product_brand":[],"product_cat":[76],"product_tag":[7573,7572,7571],"class_list":{"0":"post-102002","1":"product","2":"type-product","3":"status-publish","4":"has-post-thumbnail","6":"product_cat-cargadores","7":"product_tag-apto-para-iph-micro-tipo-c","8":"product_tag-cable-de-datos-sr-trenzado-de-12w","9":"product_tag-cable-usb-de-carga-rapida-de-datos","11":"first","12":"instock","13":"shipping-taxable","14":"product-type-simple"},"jetpack_sharing_enabled":true,"_links":{"self":[{"href":"https:\/\/www.mobile-well.com\/es\/wp-json\/wp\/v2\/product\/102002","targetHints":{"allow":["GET"]}}],"collection":[{"href":"https:\/\/www.mobile-well.com\/es\/wp-json\/wp\/v2\/product"}],"about":[{"href":"https:\/\/www.mobile-well.com\/es\/wp-json\/wp\/v2\/types\/product"}],"wp:featuredmedia":[{"embeddable":true,"href":"https:\/\/www.mobile-well.com\/es\/wp-json\/wp\/v2\/media\/102018"}],"wp:attachment":[{"href":"https:\/\/www.mobile-well.com\/es\/wp-json\/wp\/v2\/media?parent=102002"}],"wp:term":[{"taxonomy":"product_brand","embeddable":true,"href":"https:\/\/www.mobile-well.com\/es\/wp-json\/wp\/v2\/product_brand?post=102002"},{"taxonomy":"product_cat","embeddable":true,"href":"https:\/\/www.mobile-well.com\/es\/wp-json\/wp\/v2\/product_cat?post=102002"},{"taxonomy":"product_tag","embeddable":true,"href":"https:\/\/www.mobile-well.com\/es\/wp-json\/wp\/v2\/product_tag?post=102002"}],"curies":[{"name":"wp","href":"https:\/\/api.w.org\/{rel}","templated":true}]}}