{"id":102343,"date":"2022-07-22T16:35:42","date_gmt":"2022-07-22T08:35:42","guid":{"rendered":"https:\/\/www.mobile-well.com\/?post_type=product&#038;p=102343"},"modified":"2022-07-22T16:47:33","modified_gmt":"2022-07-22T08:47:33","slug":"auriculares-para-juegos-sms-cj17-rgb-light-cat-ear","status":"publish","type":"product","link":"https:\/\/www.mobile-well.com\/es\/producto\/auriculares-para-juegos-sms-cj17-rgb-light-cat-ear\/","title":{"rendered":"Auriculares para juegos SMS-CJ17 RGB Light Cat Ear"},"content":{"rendered":"","protected":false},"excerpt":{"rendered":"<ul>\n<li>Modelo: SMS-CJ17<\/li>\n<li>Tama\u00f1o del altavoz: 57 mm<\/li>\n<li>Rango de frecuencia: 20Hz -20KHz<\/li>\n<li>Impedancia: 32\u03a9<\/li>\n<li>Sensibilidad: 110dB\u00b13dB<\/li>\n<li>Potencia nominal: 20MW<\/li>\n<li>Entrada auxiliar incorporada: conector est\u00e9reo de 3,5 mm<\/li>\n<li>Color: blanco, negro, rosa<\/li>\n<li>Tiempo de trabajo: 8- 12H (estado de luz encendida), 18-20H (estado de luz apagada)<\/li>\n<li>Tiempo de espera: 180 horas<\/li>\n<li>Tiempo de carga: 2 horas<\/li>\n<li>Modo de reproducci\u00f3n: con cable\/inal\u00e1mbrico<\/li>\n<li>Versi\u00f3n de BT: 5. 1+EDR<\/li>\n<li>Distancia inal\u00e1mbrica: 10M<\/li>\n<li>Bater\u00eda: bater\u00eda de pol\u00edmero recargable de 400 mAh<\/li>\n<\/ul>\n","protected":false},"featured_media":102356,"template":"","meta":[],"product_brand":[],"product_cat":[3017],"product_tag":[7592,6624],"class_list":{"0":"post-102343","1":"product","2":"type-product","3":"status-publish","4":"has-post-thumbnail","6":"product_cat-auriculares","7":"product_tag-auriculares-de-juego-rgb-l-ight-cat-ear","8":"product_tag-auriculares-para-juegos","10":"first","11":"instock","12":"shipping-taxable","13":"product-type-simple"},"jetpack_sharing_enabled":true,"_links":{"self":[{"href":"https:\/\/www.mobile-well.com\/es\/wp-json\/wp\/v2\/product\/102343","targetHints":{"allow":["GET"]}}],"collection":[{"href":"https:\/\/www.mobile-well.com\/es\/wp-json\/wp\/v2\/product"}],"about":[{"href":"https:\/\/www.mobile-well.com\/es\/wp-json\/wp\/v2\/types\/product"}],"wp:featuredmedia":[{"embeddable":true,"href":"https:\/\/www.mobile-well.com\/es\/wp-json\/wp\/v2\/media\/102356"}],"wp:attachment":[{"href":"https:\/\/www.mobile-well.com\/es\/wp-json\/wp\/v2\/media?parent=102343"}],"wp:term":[{"taxonomy":"product_brand","embeddable":true,"href":"https:\/\/www.mobile-well.com\/es\/wp-json\/wp\/v2\/product_brand?post=102343"},{"taxonomy":"product_cat","embeddable":true,"href":"https:\/\/www.mobile-well.com\/es\/wp-json\/wp\/v2\/product_cat?post=102343"},{"taxonomy":"product_tag","embeddable":true,"href":"https:\/\/www.mobile-well.com\/es\/wp-json\/wp\/v2\/product_tag?post=102343"}],"curies":[{"name":"wp","href":"https:\/\/api.w.org\/{rel}","templated":true}]}}