{"id":102545,"date":"2022-08-17T15:38:08","date_gmt":"2022-08-17T07:38:08","guid":{"rendered":"https:\/\/www.mobile-well.com\/?post_type=product&#038;p=102545"},"modified":"2022-08-17T15:47:41","modified_gmt":"2022-08-17T07:47:41","slug":"auriculares-controlados-por-cable-con-diseno-intrauditivo-sms-ck12","status":"publish","type":"product","link":"https:\/\/www.mobile-well.com\/es\/producto\/auriculares-controlados-por-cable-con-diseno-intrauditivo-sms-ck12\/","title":{"rendered":"Auriculares controlados por cable con dise\u00f1o intrauditivo SMS-CK12"},"content":{"rendered":"","protected":false},"excerpt":{"rendered":"<ul>\n<li>Marca: SOMOSTEL<\/li>\n<li>Modelo: SMS-CK12<\/li>\n<li>Nombre del producto: auriculares internos<\/li>\n<li>Enchufe: auxiliar est\u00e1ndar de 3,5 mm<\/li>\n<li>Di\u00e1metro del altavoz: 10 mm<\/li>\n<li>Respuesta de frecuencia: 20 -20kHz<\/li>\n<li>Impedancia: 16 \u03a9<\/li>\n<li>Sensibilidad: 107dB\u00b13dB<\/li>\n<li>Longitud del cable: 1,2 M<\/li>\n<li>Control de cable: hablar\/m\u00fasica<\/li>\n<li>N.W. del producto: 11G<\/li>\n<li>Material (L\u00ednea): TPE<\/li>\n<li>Material y artesan\u00eda (carcasa del auricular): ABS e inyecci\u00f3n de aceite<\/li>\n<li>Color: negro azul, rojo, blanco<\/li>\n<li>Modelos aplicables: Adecuado para tel\u00e9fonos m\u00f3viles, tabletas y otros equipos electr\u00f3nicos con interfaz de 3,5 mm.<\/li>\n<\/ul>\n","protected":false},"featured_media":102546,"template":"","meta":[],"product_brand":[],"product_cat":[3017],"product_tag":[7604,7603],"class_list":{"0":"post-102545","1":"product","2":"type-product","3":"status-publish","4":"has-post-thumbnail","6":"product_cat-auriculares","7":"product_tag-auriculares-controlados-por-cable","8":"product_tag-auriculares-controlados-por-cable-con-diseno-intrauditivo","10":"first","11":"instock","12":"shipping-taxable","13":"product-type-simple"},"jetpack_sharing_enabled":true,"_links":{"self":[{"href":"https:\/\/www.mobile-well.com\/es\/wp-json\/wp\/v2\/product\/102545","targetHints":{"allow":["GET"]}}],"collection":[{"href":"https:\/\/www.mobile-well.com\/es\/wp-json\/wp\/v2\/product"}],"about":[{"href":"https:\/\/www.mobile-well.com\/es\/wp-json\/wp\/v2\/types\/product"}],"wp:featuredmedia":[{"embeddable":true,"href":"https:\/\/www.mobile-well.com\/es\/wp-json\/wp\/v2\/media\/102546"}],"wp:attachment":[{"href":"https:\/\/www.mobile-well.com\/es\/wp-json\/wp\/v2\/media?parent=102545"}],"wp:term":[{"taxonomy":"product_brand","embeddable":true,"href":"https:\/\/www.mobile-well.com\/es\/wp-json\/wp\/v2\/product_brand?post=102545"},{"taxonomy":"product_cat","embeddable":true,"href":"https:\/\/www.mobile-well.com\/es\/wp-json\/wp\/v2\/product_cat?post=102545"},{"taxonomy":"product_tag","embeddable":true,"href":"https:\/\/www.mobile-well.com\/es\/wp-json\/wp\/v2\/product_tag?post=102545"}],"curies":[{"name":"wp","href":"https:\/\/api.w.org\/{rel}","templated":true}]}}