{"id":102578,"date":"2022-08-22T14:37:58","date_gmt":"2022-08-22T06:37:58","guid":{"rendered":"https:\/\/www.mobile-well.com\/?post_type=product&#038;p=102578"},"modified":"2022-08-22T14:38:25","modified_gmt":"2022-08-22T06:38:25","slug":"sms-bw11-2-4a-diseno-mecanico-transparente-cable-usb-de-datos-de-carga-rapida","status":"publish","type":"product","link":"https:\/\/www.mobile-well.com\/es\/producto\/sms-bw11-2-4a-diseno-mecanico-transparente-cable-usb-de-datos-de-carga-rapida\/","title":{"rendered":"SMS-BW11 2.4A Dise\u00f1o mec\u00e1nico transparente Cable USB de datos de carga r\u00e1pida"},"content":{"rendered":"","protected":false},"excerpt":{"rendered":"<ul>\n<li>Marca: SOMOSTEL<\/li>\n<li>Modelo:BW11<\/li>\n<li>Tipo de enchufe: Para IPH, Tipo-C, Micro<\/li>\n<li>Longitud: 1000 MM<\/li>\n<li>Color: azul, negro p\u00farpura, rosa<\/li>\n<li>N.W. del producto: 26.4g<\/li>\n<li>Material: alambre de cristal transparente de PVC<\/li>\n<li>Salida: 2.4A<\/li>\n<li>Funci\u00f3n: Carga + Transferencia de datos<\/li>\n<\/ul>\n","protected":false},"featured_media":102579,"template":"","meta":[],"product_brand":[],"product_cat":[79],"product_tag":[3817,3810],"class_list":{"0":"post-102578","1":"product","2":"type-product","3":"status-publish","4":"has-post-thumbnail","6":"product_cat-cables","7":"product_tag-cable-de-carga-rapida","8":"product_tag-cable-de-datos-usb","10":"first","11":"instock","12":"shipping-taxable","13":"product-type-simple"},"jetpack_sharing_enabled":true,"_links":{"self":[{"href":"https:\/\/www.mobile-well.com\/es\/wp-json\/wp\/v2\/product\/102578","targetHints":{"allow":["GET"]}}],"collection":[{"href":"https:\/\/www.mobile-well.com\/es\/wp-json\/wp\/v2\/product"}],"about":[{"href":"https:\/\/www.mobile-well.com\/es\/wp-json\/wp\/v2\/types\/product"}],"wp:featuredmedia":[{"embeddable":true,"href":"https:\/\/www.mobile-well.com\/es\/wp-json\/wp\/v2\/media\/102579"}],"wp:attachment":[{"href":"https:\/\/www.mobile-well.com\/es\/wp-json\/wp\/v2\/media?parent=102578"}],"wp:term":[{"taxonomy":"product_brand","embeddable":true,"href":"https:\/\/www.mobile-well.com\/es\/wp-json\/wp\/v2\/product_brand?post=102578"},{"taxonomy":"product_cat","embeddable":true,"href":"https:\/\/www.mobile-well.com\/es\/wp-json\/wp\/v2\/product_cat?post=102578"},{"taxonomy":"product_tag","embeddable":true,"href":"https:\/\/www.mobile-well.com\/es\/wp-json\/wp\/v2\/product_tag?post=102578"}],"curies":[{"name":"wp","href":"https:\/\/api.w.org\/{rel}","templated":true}]}}