{"id":102933,"date":"2022-09-09T15:11:57","date_gmt":"2022-09-09T07:11:57","guid":{"rendered":"https:\/\/www.mobile-well.com\/?post_type=product&#038;p=102933"},"modified":"2023-09-13T14:27:00","modified_gmt":"2023-09-13T06:27:00","slug":"sms-cj20-auriculares-deportivos-inalambricos-magneticos-estereo","status":"publish","type":"product","link":"https:\/\/www.mobile-well.com\/es\/producto\/sms-cj20-auriculares-deportivos-inalambricos-magneticos-estereo\/","title":{"rendered":"SMS -CJ20 Auriculares deportivos inal\u00e1mbricos magn\u00e9ticos est\u00e9reo"},"content":{"rendered":"","protected":false},"excerpt":{"rendered":"<ul>\n<li>VERSI\u00d3N: 5.1+EDR<\/li>\n<li>TIEMPO DE CARGA : 1-2 horas<\/li>\n<li>BATER\u00cdA: Bater\u00eda de pol\u00edmero recargable<\/li>\n<li>ALCANCE DE TRANSMISI\u00d3N: \uff1c=10M<\/li>\n<li>TIEMPO DE FUNCIONAMIENTO Alrededor de 32H (luz apagada) 1 Alrededor de 6H (luz encendida)<\/li>\n<li>TIEMPO DE ESPERA: TIEMPO DE ESPERA:Alrededor de 120H ( saturaci\u00f3n de la bater\u00eda )<\/li>\n<li>FUNCI\u00d3N:Ajustar el volumen, cambiar de canci\u00f3n, contestar llamadas, rechazar llamadas,reproducci\u00f3n inal\u00e1mbrica, tarjeta TF, conexi\u00f3n trasera inal\u00e1mbrica, etc.<\/li>\n<\/ul>\n","protected":false},"featured_media":102942,"template":"","meta":[],"product_brand":[],"product_cat":[3017],"product_tag":[3110,7614,7613,7612],"class_list":{"0":"post-102933","1":"product","2":"type-product","3":"status-publish","4":"has-post-thumbnail","6":"product_cat-auriculares","7":"product_tag-auriculares-deportivos","8":"product_tag-auriculares-deportivos-inalambricos-magneticos-estereo","9":"product_tag-stereo-bass-bluetooth-neckband-wireless-headset","10":"product_tag-wholesale-bluetooth-neckband-headphones-from-china","12":"first","13":"instock","14":"shipping-taxable","15":"product-type-simple"},"jetpack_sharing_enabled":true,"_links":{"self":[{"href":"https:\/\/www.mobile-well.com\/es\/wp-json\/wp\/v2\/product\/102933","targetHints":{"allow":["GET"]}}],"collection":[{"href":"https:\/\/www.mobile-well.com\/es\/wp-json\/wp\/v2\/product"}],"about":[{"href":"https:\/\/www.mobile-well.com\/es\/wp-json\/wp\/v2\/types\/product"}],"wp:featuredmedia":[{"embeddable":true,"href":"https:\/\/www.mobile-well.com\/es\/wp-json\/wp\/v2\/media\/102942"}],"wp:attachment":[{"href":"https:\/\/www.mobile-well.com\/es\/wp-json\/wp\/v2\/media?parent=102933"}],"wp:term":[{"taxonomy":"product_brand","embeddable":true,"href":"https:\/\/www.mobile-well.com\/es\/wp-json\/wp\/v2\/product_brand?post=102933"},{"taxonomy":"product_cat","embeddable":true,"href":"https:\/\/www.mobile-well.com\/es\/wp-json\/wp\/v2\/product_cat?post=102933"},{"taxonomy":"product_tag","embeddable":true,"href":"https:\/\/www.mobile-well.com\/es\/wp-json\/wp\/v2\/product_tag?post=102933"}],"curies":[{"name":"wp","href":"https:\/\/api.w.org\/{rel}","templated":true}]}}