{"id":103141,"date":"2022-09-17T15:13:13","date_gmt":"2022-09-17T07:13:13","guid":{"rendered":"https:\/\/www.mobile-well.com\/?post_type=product&#038;p=103141"},"modified":"2022-09-17T15:13:23","modified_gmt":"2022-09-17T07:13:23","slug":"sms-ck14-auriculares-estereo-3d-envolventes-para-juegos","status":"publish","type":"product","link":"https:\/\/www.mobile-well.com\/es\/producto\/sms-ck14-auriculares-estereo-3d-envolventes-para-juegos\/","title":{"rendered":"SMS-CK14 Auriculares est\u00e9reo 3D envolventes para juegos"},"content":{"rendered":"","protected":false},"excerpt":{"rendered":"<ul>\n<li>Marca: SOMOSTEL<\/li>\n<li>Modelo: SMS-CK14<\/li>\n<li>Enchufe: Auxiliar est\u00e1ndar de 3,5 mm<\/li>\n<li>Impedancia: 32\u03a9<\/li>\n<li>Respuesta en frecuencia: 20-20kHz<\/li>\n<li>G.W. del producto: 50G<\/li>\n<li>Sensibilidad: 98dB+3dB<\/li>\n<li>Material (l\u00ednea): TPE<\/li>\n<li>Longitud del cable: 1.2M \u00b1O.3M<\/li>\n<li>Nombre del producto: Auriculares para juegos en el o\u00eddo<\/li>\n<li>Tipo de altavoz: 6\u03bc Altavoz de im\u00e1n de acero blanco<\/li>\n<li>Material y Artesan\u00eda (Shell de los auriculares): ABS y la inyecci\u00f3n de aceite<\/li>\n<li>Color: gris camuflaje, verde camuflaje, rojo camuflaje, azul camuflaje<\/li>\n<li>Modelos aplicables: Adecuado para tel\u00e9fonos m\u00f3viles, tabletas y otros equipos electr\u00f3nicos con interfaz de 3,5 mm<\/li>\n<\/ul>\n","protected":false},"featured_media":103162,"template":"","meta":[],"product_brand":[],"product_cat":[3017],"product_tag":[7633,7634],"class_list":{"0":"post-103141","1":"product","2":"type-product","3":"status-publish","4":"has-post-thumbnail","6":"product_cat-auriculares","7":"product_tag-3d-envolventes-para-juegos","8":"product_tag-auriculares-estereo-3d-envolventes-para-juegos","10":"first","11":"instock","12":"shipping-taxable","13":"product-type-simple"},"jetpack_sharing_enabled":true,"_links":{"self":[{"href":"https:\/\/www.mobile-well.com\/es\/wp-json\/wp\/v2\/product\/103141","targetHints":{"allow":["GET"]}}],"collection":[{"href":"https:\/\/www.mobile-well.com\/es\/wp-json\/wp\/v2\/product"}],"about":[{"href":"https:\/\/www.mobile-well.com\/es\/wp-json\/wp\/v2\/types\/product"}],"wp:featuredmedia":[{"embeddable":true,"href":"https:\/\/www.mobile-well.com\/es\/wp-json\/wp\/v2\/media\/103162"}],"wp:attachment":[{"href":"https:\/\/www.mobile-well.com\/es\/wp-json\/wp\/v2\/media?parent=103141"}],"wp:term":[{"taxonomy":"product_brand","embeddable":true,"href":"https:\/\/www.mobile-well.com\/es\/wp-json\/wp\/v2\/product_brand?post=103141"},{"taxonomy":"product_cat","embeddable":true,"href":"https:\/\/www.mobile-well.com\/es\/wp-json\/wp\/v2\/product_cat?post=103141"},{"taxonomy":"product_tag","embeddable":true,"href":"https:\/\/www.mobile-well.com\/es\/wp-json\/wp\/v2\/product_tag?post=103141"}],"curies":[{"name":"wp","href":"https:\/\/api.w.org\/{rel}","templated":true}]}}