{"id":103166,"date":"2022-09-17T15:18:53","date_gmt":"2022-09-17T07:18:53","guid":{"rendered":"https:\/\/www.mobile-well.com\/?post_type=product&#038;p=103166"},"modified":"2022-09-17T15:19:05","modified_gmt":"2022-09-17T07:19:05","slug":"sms-i5o0sc-auriculares-inalambricos-mecanicos-para-esports","status":"publish","type":"product","link":"https:\/\/www.mobile-well.com\/es\/producto\/sms-i5o0sc-auriculares-inalambricos-mecanicos-para-esports\/","title":{"rendered":"SMS-i5O0SC Auriculares inal\u00e1mbricos mec\u00e1nicos para eSports"},"content":{"rendered":"","protected":false},"excerpt":{"rendered":"<ul>\n<li>Marca: SOMOSTEL<\/li>\n<li>Modelo: SMS- i550SC<\/li>\n<li>Versi\u00f3n BT: V5.3<\/li>\n<li>Tiempo de carga: 1-2 horas<\/li>\n<li>Tiempo de reproducci\u00f3n: 4-6 horas<\/li>\n<li>Puerto de carga: Tipo-C<\/li>\n<li>Capacidad de la bater\u00eda del compartimento de carga: 300mAh<\/li>\n<li>Capacidad de la bater\u00eda de los auriculares: 30mAh<\/li>\n<li>Altavoz: Altavoz de anillo de cobre F13<\/li>\n<li>Tiempo de carga: 1-2 horas<\/li>\n<li>Peso del producto (compartimento de carga+auriculares): 32.4g<\/li>\n<li>Caracter\u00edsticas:Versi\u00f3n t\u00e1ctil+baja latencia<\/li>\n<\/ul>\n","protected":false},"featured_media":103183,"template":"","meta":[],"product_brand":[],"product_cat":[3017],"product_tag":[1767,7635],"class_list":{"0":"post-103166","1":"product","2":"type-product","3":"status-publish","4":"has-post-thumbnail","6":"product_cat-auriculares","7":"product_tag-auriculares-inalambricos","8":"product_tag-mecanicos-para-esports","10":"first","11":"instock","12":"shipping-taxable","13":"product-type-simple"},"jetpack_sharing_enabled":true,"_links":{"self":[{"href":"https:\/\/www.mobile-well.com\/es\/wp-json\/wp\/v2\/product\/103166","targetHints":{"allow":["GET"]}}],"collection":[{"href":"https:\/\/www.mobile-well.com\/es\/wp-json\/wp\/v2\/product"}],"about":[{"href":"https:\/\/www.mobile-well.com\/es\/wp-json\/wp\/v2\/types\/product"}],"wp:featuredmedia":[{"embeddable":true,"href":"https:\/\/www.mobile-well.com\/es\/wp-json\/wp\/v2\/media\/103183"}],"wp:attachment":[{"href":"https:\/\/www.mobile-well.com\/es\/wp-json\/wp\/v2\/media?parent=103166"}],"wp:term":[{"taxonomy":"product_brand","embeddable":true,"href":"https:\/\/www.mobile-well.com\/es\/wp-json\/wp\/v2\/product_brand?post=103166"},{"taxonomy":"product_cat","embeddable":true,"href":"https:\/\/www.mobile-well.com\/es\/wp-json\/wp\/v2\/product_cat?post=103166"},{"taxonomy":"product_tag","embeddable":true,"href":"https:\/\/www.mobile-well.com\/es\/wp-json\/wp\/v2\/product_tag?post=103166"}],"curies":[{"name":"wp","href":"https:\/\/api.w.org\/{rel}","templated":true}]}}