{"id":103282,"date":"2022-10-11T10:48:35","date_gmt":"2022-10-11T02:48:35","guid":{"rendered":"https:\/\/www.mobile-well.com\/?post_type=product&#038;p=103282"},"modified":"2022-10-11T15:30:11","modified_gmt":"2022-10-11T07:30:11","slug":"electrochapado-liquido-silicona-inyeccion-moldeado-aceite-pulverizacion-funda-telefono","status":"publish","type":"product","link":"https:\/\/www.mobile-well.com\/es\/producto\/electrochapado-liquido-silicona-inyeccion-moldeado-aceite-pulverizacion-funda-telefono\/","title":{"rendered":"Electrochapado L\u00edquido Silicona Inyecci\u00f3n Moldeado Aceite Pulverizaci\u00f3n Funda Tel\u00e9fono"},"content":{"rendered":"","protected":false},"excerpt":{"rendered":"<ul>\n<li>Producto NO.: P2290-A01<\/li>\n<li>MOQ:200Pcs\/Modelo,50Pcs\/color<\/li>\n<li>Material:Silicona l\u00edquida<\/li>\n<li>Elaboraci\u00f3n: Moldeado por inyecci\u00f3n + pulverizaci\u00f3n de aceite + galvanoplastia<\/li>\n<li>Producto N.W: 37.2g<\/li>\n<li>Peso bruto del producto (embalaje individual): 50g<\/li>\n<li>Tama\u00f1o del CTN: 60*45*33cm 500pcs\/ctn 25KG<\/li>\n<\/ul>\n","protected":false},"featured_media":103321,"template":"","meta":[],"product_brand":[],"product_cat":[77],"product_tag":[7638,7639],"class_list":{"0":"post-103282","1":"product","2":"type-product","3":"status-publish","4":"has-post-thumbnail","6":"product_cat-fundas","7":"product_tag-caja-del-telefono-de-silicona-liquida","8":"product_tag-funda-protectora-de-silicona","10":"first","11":"instock","12":"shipping-taxable","13":"product-type-simple"},"jetpack_sharing_enabled":true,"_links":{"self":[{"href":"https:\/\/www.mobile-well.com\/es\/wp-json\/wp\/v2\/product\/103282","targetHints":{"allow":["GET"]}}],"collection":[{"href":"https:\/\/www.mobile-well.com\/es\/wp-json\/wp\/v2\/product"}],"about":[{"href":"https:\/\/www.mobile-well.com\/es\/wp-json\/wp\/v2\/types\/product"}],"wp:featuredmedia":[{"embeddable":true,"href":"https:\/\/www.mobile-well.com\/es\/wp-json\/wp\/v2\/media\/103321"}],"wp:attachment":[{"href":"https:\/\/www.mobile-well.com\/es\/wp-json\/wp\/v2\/media?parent=103282"}],"wp:term":[{"taxonomy":"product_brand","embeddable":true,"href":"https:\/\/www.mobile-well.com\/es\/wp-json\/wp\/v2\/product_brand?post=103282"},{"taxonomy":"product_cat","embeddable":true,"href":"https:\/\/www.mobile-well.com\/es\/wp-json\/wp\/v2\/product_cat?post=103282"},{"taxonomy":"product_tag","embeddable":true,"href":"https:\/\/www.mobile-well.com\/es\/wp-json\/wp\/v2\/product_tag?post=103282"}],"curies":[{"name":"wp","href":"https:\/\/api.w.org\/{rel}","templated":true}]}}