{"id":103659,"date":"2022-10-14T16:09:47","date_gmt":"2022-10-14T08:09:47","guid":{"rendered":"https:\/\/www.mobile-well.com\/?post_type=product&#038;p=103659"},"modified":"2022-10-14T16:09:52","modified_gmt":"2022-10-14T08:09:52","slug":"fuente-de-alimentacion-portatil-de-almacenamiento-de-energia","status":"publish","type":"product","link":"https:\/\/www.mobile-well.com\/es\/producto\/fuente-de-alimentacion-portatil-de-almacenamiento-de-energia\/","title":{"rendered":"Fuente de alimentaci\u00f3n port\u00e1til de almacenamiento de energ\u00eda"},"content":{"rendered":"","protected":false},"excerpt":{"rendered":"<ul>\n<li>Tipo de bater\u00eda: Bater\u00eda LiFePO4<\/li>\n<li>Voltaje de salida de CA: 100V\/220V<\/li>\n<li>Potencia de salida de CA: 500W<\/li>\n<li>Salida USB: QC3.0 18W*2<\/li>\n<li>Puerto Tipo-C 1: PD65W<\/li>\n<li>Puerto Tipo-C2: PD100W<\/li>\n<li>Salida DC: 12V-16. 8V\/10A<\/li>\n<li>Salida del cargador de coche: 12V 16.8V\/10A<\/li>\n<li>Potencia de carga inal\u00e1mbrica: 15W<\/li>\n<li>Capacidad de la bater\u00eda: 86400mA\/479.52WH<\/li>\n<li>Tama\u00f1o del producto: 224*190*1 56mm<\/li>\n<li>Peso del producto: 5KG<\/li>\n<\/ul>\n","protected":false},"featured_media":103668,"template":"","meta":[],"product_brand":[],"product_cat":[74],"product_tag":[7648],"class_list":{"0":"post-103659","1":"product","2":"type-product","3":"status-publish","4":"has-post-thumbnail","6":"product_cat-baterias-externas","7":"product_tag-fuente-de-alimentacion-portatil-de-almacenamiento-de-energia","9":"first","10":"instock","11":"shipping-taxable","12":"product-type-simple"},"jetpack_sharing_enabled":true,"_links":{"self":[{"href":"https:\/\/www.mobile-well.com\/es\/wp-json\/wp\/v2\/product\/103659","targetHints":{"allow":["GET"]}}],"collection":[{"href":"https:\/\/www.mobile-well.com\/es\/wp-json\/wp\/v2\/product"}],"about":[{"href":"https:\/\/www.mobile-well.com\/es\/wp-json\/wp\/v2\/types\/product"}],"wp:featuredmedia":[{"embeddable":true,"href":"https:\/\/www.mobile-well.com\/es\/wp-json\/wp\/v2\/media\/103668"}],"wp:attachment":[{"href":"https:\/\/www.mobile-well.com\/es\/wp-json\/wp\/v2\/media?parent=103659"}],"wp:term":[{"taxonomy":"product_brand","embeddable":true,"href":"https:\/\/www.mobile-well.com\/es\/wp-json\/wp\/v2\/product_brand?post=103659"},{"taxonomy":"product_cat","embeddable":true,"href":"https:\/\/www.mobile-well.com\/es\/wp-json\/wp\/v2\/product_cat?post=103659"},{"taxonomy":"product_tag","embeddable":true,"href":"https:\/\/www.mobile-well.com\/es\/wp-json\/wp\/v2\/product_tag?post=103659"}],"curies":[{"name":"wp","href":"https:\/\/api.w.org\/{rel}","templated":true}]}}