{"id":103928,"date":"2022-10-21T17:34:59","date_gmt":"2022-10-21T09:34:59","guid":{"rendered":"https:\/\/www.mobile-well.com\/?post_type=product&#038;p=103928"},"modified":"2022-10-21T17:35:06","modified_gmt":"2022-10-21T09:35:06","slug":"v4-0-venta-caliente-popular-wireless-bt-gamepad-soporte-para-ps4-ps3-pc-telefono-movil-tablet-notebook","status":"publish","type":"product","link":"https:\/\/www.mobile-well.com\/es\/producto\/v4-0-venta-caliente-popular-wireless-bt-gamepad-soporte-para-ps4-ps3-pc-telefono-movil-tablet-notebook\/","title":{"rendered":"V4.0 Venta caliente Popular Wireless BT Gamepad Soporte para PS4 \/ PS3 \/ PC \/ tel\u00e9fono m\u00f3vil \/ Tablet \/ notebook"},"content":{"rendered":"","protected":false},"excerpt":{"rendered":"<div>*Joystick inal\u00e1mbrico Bluetooth P4<\/div>\n<div>*Funciones: doble vibraci\u00f3n \/ seis ejes \/ todas las funciones originales con touchpad \/ auriculares \/ micr\u00f3fono<\/div>\n<div>*Bluetooth: 4.0<\/div>\n<div>*Capacidad de la bater\u00eda: bater\u00eda de pol\u00edmero de litio de 600 mA<\/div>\n<div>*Tiempo de carga: 3 horas; juego continuo: 8 horas aprox.<\/div>\n<div>*Tama\u00f1o: 16,2*5,2*9,8CM<\/div>\n<div>*Compatible con PS4\/PS3\/PC<\/div>\n<div>*Colores habituales: negro, blanco, azul, rojo<\/div>\n","protected":false},"featured_media":103935,"template":"","meta":[],"product_brand":[],"product_cat":[467],"product_tag":[7668,7669],"class_list":{"0":"post-103928","1":"product","2":"type-product","3":"status-publish","4":"has-post-thumbnail","6":"product_cat-gadgets-2","7":"product_tag-gamepad-bt-inalambrico","8":"product_tag-v4-0-gamepad-bt-inalambrico","10":"first","11":"instock","12":"shipping-taxable","13":"product-type-simple"},"jetpack_sharing_enabled":true,"_links":{"self":[{"href":"https:\/\/www.mobile-well.com\/es\/wp-json\/wp\/v2\/product\/103928","targetHints":{"allow":["GET"]}}],"collection":[{"href":"https:\/\/www.mobile-well.com\/es\/wp-json\/wp\/v2\/product"}],"about":[{"href":"https:\/\/www.mobile-well.com\/es\/wp-json\/wp\/v2\/types\/product"}],"wp:featuredmedia":[{"embeddable":true,"href":"https:\/\/www.mobile-well.com\/es\/wp-json\/wp\/v2\/media\/103935"}],"wp:attachment":[{"href":"https:\/\/www.mobile-well.com\/es\/wp-json\/wp\/v2\/media?parent=103928"}],"wp:term":[{"taxonomy":"product_brand","embeddable":true,"href":"https:\/\/www.mobile-well.com\/es\/wp-json\/wp\/v2\/product_brand?post=103928"},{"taxonomy":"product_cat","embeddable":true,"href":"https:\/\/www.mobile-well.com\/es\/wp-json\/wp\/v2\/product_cat?post=103928"},{"taxonomy":"product_tag","embeddable":true,"href":"https:\/\/www.mobile-well.com\/es\/wp-json\/wp\/v2\/product_tag?post=103928"}],"curies":[{"name":"wp","href":"https:\/\/api.w.org\/{rel}","templated":true}]}}