{"id":103941,"date":"2022-10-21T17:50:44","date_gmt":"2022-10-21T09:50:44","guid":{"rendered":"https:\/\/www.mobile-well.com\/?post_type=product&#038;p=103941"},"modified":"2022-10-21T17:50:51","modified_gmt":"2022-10-21T09:50:51","slug":"v4-0-actualizacion-de-bt-gamepad-inalambrico-para-n-switch-ps3-pc-movil-tablet-laptop","status":"publish","type":"product","link":"https:\/\/www.mobile-well.com\/es\/producto\/v4-0-actualizacion-de-bt-gamepad-inalambrico-para-n-switch-ps3-pc-movil-tablet-laptop\/","title":{"rendered":"V4.0 Actualizaci\u00f3n de BT Gamepad inal\u00e1mbrico para N-Switch\/PS3\/PC\/M\u00f3vil\/Tablet\/Laptop"},"content":{"rendered":"","protected":false},"excerpt":{"rendered":"<div>\u00a0Empu\u00f1adura Bluetooth N-Switch Pro Modelo mejorado semifuncional Modelo patentado<\/div>\n<div>*Tiempo de carga: 2 horas aproximadamente.<\/div>\n<div>*Bluetooth 4.0, distancia de transmisi\u00f3n: \u2264 8 metros.<\/div>\n<div>*Capacidad de la bater\u00eda: 600mAh.<\/div>\n<div>*Soporta la funci\u00f3n de juego continuo TURBO, funci\u00f3n de giroscopio de 6 ejes, funci\u00f3n de vibraci\u00f3n, ajuste de 4 pasos de la intensidad del motor, ajuste de 3 pasos de la velocidad TURBO; despertar de un solo toque, (puede jugar tel\u00e9fono \/ tableta Android directamente)<\/div>\n<div>*Soporte para plataformas N-Switch\/PS3\/PC\/Tel\u00e9fono Android\/Televisi\u00f3n Android.<\/div>\n<div>Colores: rojo y azul, verde y blanco, naranja y azul, verde y morado<\/div>\n","protected":false},"featured_media":103948,"template":"","meta":[],"product_brand":[],"product_cat":[467],"product_tag":[7671,7670],"class_list":{"0":"post-103941","1":"product","2":"type-product","3":"status-publish","4":"has-post-thumbnail","6":"product_cat-gadgets-2","7":"product_tag-gamepad","8":"product_tag-gamepad-bt-inalambrico-v4-0","10":"first","11":"instock","12":"shipping-taxable","13":"product-type-simple"},"jetpack_sharing_enabled":true,"_links":{"self":[{"href":"https:\/\/www.mobile-well.com\/es\/wp-json\/wp\/v2\/product\/103941","targetHints":{"allow":["GET"]}}],"collection":[{"href":"https:\/\/www.mobile-well.com\/es\/wp-json\/wp\/v2\/product"}],"about":[{"href":"https:\/\/www.mobile-well.com\/es\/wp-json\/wp\/v2\/types\/product"}],"wp:featuredmedia":[{"embeddable":true,"href":"https:\/\/www.mobile-well.com\/es\/wp-json\/wp\/v2\/media\/103948"}],"wp:attachment":[{"href":"https:\/\/www.mobile-well.com\/es\/wp-json\/wp\/v2\/media?parent=103941"}],"wp:term":[{"taxonomy":"product_brand","embeddable":true,"href":"https:\/\/www.mobile-well.com\/es\/wp-json\/wp\/v2\/product_brand?post=103941"},{"taxonomy":"product_cat","embeddable":true,"href":"https:\/\/www.mobile-well.com\/es\/wp-json\/wp\/v2\/product_cat?post=103941"},{"taxonomy":"product_tag","embeddable":true,"href":"https:\/\/www.mobile-well.com\/es\/wp-json\/wp\/v2\/product_tag?post=103941"}],"curies":[{"name":"wp","href":"https:\/\/api.w.org\/{rel}","templated":true}]}}