{"id":103958,"date":"2022-10-21T17:52:05","date_gmt":"2022-10-21T09:52:05","guid":{"rendered":"https:\/\/www.mobile-well.com\/?post_type=product&#038;p=103958"},"modified":"2023-09-11T16:21:28","modified_gmt":"2023-09-11T08:21:28","slug":"el-gamepad-bt-inalambrico-v4-0-es-compatible-con-n-switch-ps3-pc-telefono-tableta-portatil","status":"publish","type":"product","link":"https:\/\/www.mobile-well.com\/es\/producto\/el-gamepad-bt-inalambrico-v4-0-es-compatible-con-n-switch-ps3-pc-telefono-tableta-portatil\/","title":{"rendered":"El gamepad BT inal\u00e1mbrico V4.0 es compatible con N-Switch\/PS3\/PC\/tel\u00e9fono\/tableta\/port\u00e1til"},"content":{"rendered":"","protected":false},"excerpt":{"rendered":"<p>* Bluetooth 4.0, distancia de transmisi\u00f3n: \u2264 8 m.<br \/>\n*Capacidad de la bater\u00eda: 600mAh.<br \/>\n*Tiempo de uso duradero: \uff1e8 horas<br \/>\n* Tiempo de carga: 2 horas aproximadamente.<br \/>\n*Compatible con la funci\u00f3n de reproducci\u00f3n continua de TURBO, funci\u00f3n de giroscopio de 6 ejes, funci\u00f3n de vibraci\u00f3n, ajuste de 4 posiciones de la intensidad del motor, ajuste de 3 posiciones de la velocidad de TURBO, activaci\u00f3n con un toque, funci\u00f3n NFC<br \/>\n* Soporte para plataformas N-Switch\/PS3\/PC\/Android TV.<br \/>\n*Colores: rojo y azul, verde y blanco, naranja y azul, verde y morado<\/p>\n","protected":false},"featured_media":103944,"template":"","meta":[],"product_brand":[],"product_cat":[467],"product_tag":[7671,7668,7670],"class_list":{"0":"post-103958","1":"product","2":"type-product","3":"status-publish","4":"has-post-thumbnail","6":"product_cat-gadgets-2","7":"product_tag-gamepad","8":"product_tag-gamepad-bt-inalambrico","9":"product_tag-gamepad-bt-inalambrico-v4-0","11":"first","12":"instock","13":"shipping-taxable","14":"product-type-simple"},"jetpack_sharing_enabled":true,"_links":{"self":[{"href":"https:\/\/www.mobile-well.com\/es\/wp-json\/wp\/v2\/product\/103958","targetHints":{"allow":["GET"]}}],"collection":[{"href":"https:\/\/www.mobile-well.com\/es\/wp-json\/wp\/v2\/product"}],"about":[{"href":"https:\/\/www.mobile-well.com\/es\/wp-json\/wp\/v2\/types\/product"}],"wp:featuredmedia":[{"embeddable":true,"href":"https:\/\/www.mobile-well.com\/es\/wp-json\/wp\/v2\/media\/103944"}],"wp:attachment":[{"href":"https:\/\/www.mobile-well.com\/es\/wp-json\/wp\/v2\/media?parent=103958"}],"wp:term":[{"taxonomy":"product_brand","embeddable":true,"href":"https:\/\/www.mobile-well.com\/es\/wp-json\/wp\/v2\/product_brand?post=103958"},{"taxonomy":"product_cat","embeddable":true,"href":"https:\/\/www.mobile-well.com\/es\/wp-json\/wp\/v2\/product_cat?post=103958"},{"taxonomy":"product_tag","embeddable":true,"href":"https:\/\/www.mobile-well.com\/es\/wp-json\/wp\/v2\/product_tag?post=103958"}],"curies":[{"name":"wp","href":"https:\/\/api.w.org\/{rel}","templated":true}]}}