{"id":104042,"date":"2022-10-26T16:51:06","date_gmt":"2022-10-26T08:51:06","guid":{"rendered":"https:\/\/www.mobile-well.com\/?post_type=product&#038;p=104042"},"modified":"2022-10-26T16:54:48","modified_gmt":"2022-10-26T08:54:48","slug":"10d-anti-blue-light-glass-eye-protection","status":"publish","type":"product","link":"https:\/\/www.mobile-well.com\/es\/producto\/10d-anti-blue-light-glass-eye-protection\/","title":{"rendered":"10D Anti Blue Light Glass Eye Protection"},"content":{"rendered":"","protected":false},"excerpt":{"rendered":"<ul>\n<li>Nombre: 10D Anti Blue Light Glass Eye Protection<\/li>\n<li>Protector de pantalla<\/li>\n<li>Material :0.33MM Cristal de aluminio medio<\/li>\n<li>Caracter\u00edsticas: 0.28MM Luz p\u00farpura pegamento de protecci\u00f3n de los ojos<\/li>\n<li>Tiempo de templado: 1,5 horas<\/li>\n<li>Color:Negro<\/li>\n<li>Arcos:40- 60C<\/li>\n<li>Producto N.W.:16.2G (Modelo para SAM A12\/A9 2020)<\/li>\n<li>*TIPS : El peso del vidrio var\u00eda seg\u00fan el modelo<\/li>\n<\/ul>\n","protected":false},"featured_media":104043,"template":"","meta":[],"product_brand":[],"product_cat":[78],"product_tag":[7677],"class_list":{"0":"post-104042","1":"product","2":"type-product","3":"status-publish","4":"has-post-thumbnail","6":"product_cat-films-protectores","7":"product_tag-10d-anti-blue-light-glass-eye-protection","9":"first","10":"instock","11":"shipping-taxable","12":"product-type-simple"},"jetpack_sharing_enabled":true,"_links":{"self":[{"href":"https:\/\/www.mobile-well.com\/es\/wp-json\/wp\/v2\/product\/104042","targetHints":{"allow":["GET"]}}],"collection":[{"href":"https:\/\/www.mobile-well.com\/es\/wp-json\/wp\/v2\/product"}],"about":[{"href":"https:\/\/www.mobile-well.com\/es\/wp-json\/wp\/v2\/types\/product"}],"wp:featuredmedia":[{"embeddable":true,"href":"https:\/\/www.mobile-well.com\/es\/wp-json\/wp\/v2\/media\/104043"}],"wp:attachment":[{"href":"https:\/\/www.mobile-well.com\/es\/wp-json\/wp\/v2\/media?parent=104042"}],"wp:term":[{"taxonomy":"product_brand","embeddable":true,"href":"https:\/\/www.mobile-well.com\/es\/wp-json\/wp\/v2\/product_brand?post=104042"},{"taxonomy":"product_cat","embeddable":true,"href":"https:\/\/www.mobile-well.com\/es\/wp-json\/wp\/v2\/product_cat?post=104042"},{"taxonomy":"product_tag","embeddable":true,"href":"https:\/\/www.mobile-well.com\/es\/wp-json\/wp\/v2\/product_tag?post=104042"}],"curies":[{"name":"wp","href":"https:\/\/api.w.org\/{rel}","templated":true}]}}