{"id":104601,"date":"2022-11-02T11:27:21","date_gmt":"2022-11-02T03:27:21","guid":{"rendered":"https:\/\/www.mobile-well.com\/?post_type=product&#038;p=104601"},"modified":"2022-11-02T11:27:32","modified_gmt":"2022-11-02T03:27:32","slug":"estereo-con-luz-led-diseno-transparente-auriculares-inalambricos-con-cancelacion-de-ruido","status":"publish","type":"product","link":"https:\/\/www.mobile-well.com\/es\/producto\/estereo-con-luz-led-diseno-transparente-auriculares-inalambricos-con-cancelacion-de-ruido\/","title":{"rendered":"Est\u00e9reo con luz LED Dise\u00f1o transparente Auriculares inal\u00e1mbricos con cancelaci\u00f3n de ruido"},"content":{"rendered":"","protected":false},"excerpt":{"rendered":"<ul>\n<li>Versi\u00f3n inal\u00e1mbrica: V5.3<\/li>\n<li>Tipo de bater\u00eda : F13<\/li>\n<li>Respuesta de frecuencia: 20Hz- -20KHz<\/li>\n<li>Tiempo de m\u00fasica : Aproximadamente 4.5h<\/li>\n<li>Tiempo de carga : Aprox. 1.5h<\/li>\n<li>Tiempo de conversaci\u00f3n : Aproximadamente 4,5h<\/li>\n<li>Distancia efectiva inal\u00e1mbrica: Aprox. 15m<\/li>\n<li>Capacidad de la bater\u00eda de los auriculares : 30mah<\/li>\n<li>Capacidad del compartimento de carga : 200mah<\/li>\n<li>N.W. del producto (auriculares individuales): 3.2G<\/li>\n<li>N.W. del producto (estuche de carga + auriculares): 34,8G<\/li>\n<li>Peso bruto del producto (estuche de carga + auriculares + paquete): 118,5G<\/li>\n<\/ul>\n","protected":false},"featured_media":104604,"template":"","meta":[],"product_brand":[],"product_cat":[3017],"product_tag":[7712],"class_list":{"0":"post-104601","1":"product","2":"type-product","3":"status-publish","4":"has-post-thumbnail","6":"product_cat-auriculares","7":"product_tag-auriculares-inalambricos-estereo","9":"first","10":"instock","11":"shipping-taxable","12":"product-type-simple"},"jetpack_sharing_enabled":true,"_links":{"self":[{"href":"https:\/\/www.mobile-well.com\/es\/wp-json\/wp\/v2\/product\/104601","targetHints":{"allow":["GET"]}}],"collection":[{"href":"https:\/\/www.mobile-well.com\/es\/wp-json\/wp\/v2\/product"}],"about":[{"href":"https:\/\/www.mobile-well.com\/es\/wp-json\/wp\/v2\/types\/product"}],"wp:featuredmedia":[{"embeddable":true,"href":"https:\/\/www.mobile-well.com\/es\/wp-json\/wp\/v2\/media\/104604"}],"wp:attachment":[{"href":"https:\/\/www.mobile-well.com\/es\/wp-json\/wp\/v2\/media?parent=104601"}],"wp:term":[{"taxonomy":"product_brand","embeddable":true,"href":"https:\/\/www.mobile-well.com\/es\/wp-json\/wp\/v2\/product_brand?post=104601"},{"taxonomy":"product_cat","embeddable":true,"href":"https:\/\/www.mobile-well.com\/es\/wp-json\/wp\/v2\/product_cat?post=104601"},{"taxonomy":"product_tag","embeddable":true,"href":"https:\/\/www.mobile-well.com\/es\/wp-json\/wp\/v2\/product_tag?post=104601"}],"curies":[{"name":"wp","href":"https:\/\/api.w.org\/{rel}","templated":true}]}}