{"id":104622,"date":"2022-11-14T16:39:45","date_gmt":"2022-11-14T08:39:45","guid":{"rendered":"https:\/\/www.mobile-well.com\/?post_type=product&#038;p=104622"},"modified":"2023-09-04T14:51:20","modified_gmt":"2023-09-04T06:51:20","slug":"yingyan-logo-reveal-diseno-inyeccion-moldeo-tpu-telefono-caso","status":"publish","type":"product","link":"https:\/\/www.mobile-well.com\/es\/producto\/yingyan-logo-reveal-diseno-inyeccion-moldeo-tpu-telefono-caso\/","title":{"rendered":"YingYan Logo Reveal Dise\u00f1o Inyecci\u00f3n Moldeo TPU Tel\u00e9fono Caso"},"content":{"rendered":"","protected":false},"excerpt":{"rendered":"<ul>\n<li>Producto NO.: P0201-A07<\/li>\n<li>MOQ:50Pcs\/Modelo\/Patr\u00f3n<\/li>\n<li>Material:TPU<\/li>\n<li>Artesan\u00eda:Moldeado por inyecci\u00f3n<\/li>\n<li>Producto N.W: 32.4g<\/li>\n<li>Tama\u00f1o CTN: 60*45*33cm 500pcs\/ctn 16.2KG<\/li>\n<\/ul>\n","protected":false},"featured_media":104629,"template":"","meta":[],"product_brand":[],"product_cat":[77],"product_tag":[8577],"class_list":{"0":"post-104622","1":"product","2":"type-product","3":"status-publish","4":"has-post-thumbnail","6":"product_cat-fundas","7":"product_tag-tpu-telefono-caso","9":"first","10":"instock","11":"shipping-taxable","12":"product-type-simple"},"jetpack_sharing_enabled":true,"_links":{"self":[{"href":"https:\/\/www.mobile-well.com\/es\/wp-json\/wp\/v2\/product\/104622","targetHints":{"allow":["GET"]}}],"collection":[{"href":"https:\/\/www.mobile-well.com\/es\/wp-json\/wp\/v2\/product"}],"about":[{"href":"https:\/\/www.mobile-well.com\/es\/wp-json\/wp\/v2\/types\/product"}],"wp:featuredmedia":[{"embeddable":true,"href":"https:\/\/www.mobile-well.com\/es\/wp-json\/wp\/v2\/media\/104629"}],"wp:attachment":[{"href":"https:\/\/www.mobile-well.com\/es\/wp-json\/wp\/v2\/media?parent=104622"}],"wp:term":[{"taxonomy":"product_brand","embeddable":true,"href":"https:\/\/www.mobile-well.com\/es\/wp-json\/wp\/v2\/product_brand?post=104622"},{"taxonomy":"product_cat","embeddable":true,"href":"https:\/\/www.mobile-well.com\/es\/wp-json\/wp\/v2\/product_cat?post=104622"},{"taxonomy":"product_tag","embeddable":true,"href":"https:\/\/www.mobile-well.com\/es\/wp-json\/wp\/v2\/product_tag?post=104622"}],"curies":[{"name":"wp","href":"https:\/\/api.w.org\/{rel}","templated":true}]}}