{"id":104916,"date":"2022-11-24T15:29:24","date_gmt":"2022-11-24T07:29:24","guid":{"rendered":"https:\/\/www.mobile-well.com\/?post_type=product&#038;p=104916"},"modified":"2023-08-30T15:41:43","modified_gmt":"2023-08-30T07:41:43","slug":"funda-de-silicona-transparente-de-atraccion-magnetica-de-aceite-para-el-telefono","status":"publish","type":"product","link":"https:\/\/www.mobile-well.com\/es\/producto\/funda-de-silicona-transparente-de-atraccion-magnetica-de-aceite-para-el-telefono\/","title":{"rendered":"Funda de silicona transparente de atracci\u00f3n magn\u00e9tica de aceite para el tel\u00e9fono"},"content":{"rendered":"","protected":false},"excerpt":{"rendered":"<ul>\n<li>Producto NO.: P0201-A15<\/li>\n<li>MOQ:50Pcs\/Modelo\/color<\/li>\n<li>Material:Silicona<\/li>\n<li>Artesan\u00eda: Pulverizaci\u00f3n de aceite<\/li>\n<li>Producto N.W: 34.7g<\/li>\n<li>Tama\u00f1o CTN: 60*45*33cm 500pcs\/ctn 17.35KG<\/li>\n<\/ul>\n","protected":false},"featured_media":104925,"template":"","meta":[],"product_brand":[],"product_cat":[77],"product_tag":[7738],"class_list":{"0":"post-104916","1":"product","2":"type-product","3":"status-publish","4":"has-post-thumbnail","6":"product_cat-fundas","7":"product_tag-funda-de-silicona-transparente","9":"first","10":"instock","11":"shipping-taxable","12":"product-type-simple"},"jetpack_sharing_enabled":true,"_links":{"self":[{"href":"https:\/\/www.mobile-well.com\/es\/wp-json\/wp\/v2\/product\/104916","targetHints":{"allow":["GET"]}}],"collection":[{"href":"https:\/\/www.mobile-well.com\/es\/wp-json\/wp\/v2\/product"}],"about":[{"href":"https:\/\/www.mobile-well.com\/es\/wp-json\/wp\/v2\/types\/product"}],"wp:featuredmedia":[{"embeddable":true,"href":"https:\/\/www.mobile-well.com\/es\/wp-json\/wp\/v2\/media\/104925"}],"wp:attachment":[{"href":"https:\/\/www.mobile-well.com\/es\/wp-json\/wp\/v2\/media?parent=104916"}],"wp:term":[{"taxonomy":"product_brand","embeddable":true,"href":"https:\/\/www.mobile-well.com\/es\/wp-json\/wp\/v2\/product_brand?post=104916"},{"taxonomy":"product_cat","embeddable":true,"href":"https:\/\/www.mobile-well.com\/es\/wp-json\/wp\/v2\/product_cat?post=104916"},{"taxonomy":"product_tag","embeddable":true,"href":"https:\/\/www.mobile-well.com\/es\/wp-json\/wp\/v2\/product_tag?post=104916"}],"curies":[{"name":"wp","href":"https:\/\/api.w.org\/{rel}","templated":true}]}}