{"id":105019,"date":"2022-11-25T15:56:36","date_gmt":"2022-11-25T07:56:36","guid":{"rendered":"https:\/\/www.mobile-well.com\/?post_type=product&#038;p=105019"},"modified":"2022-11-25T15:56:43","modified_gmt":"2022-11-25T07:56:43","slug":"2022-nuevo-reloj-inteligente-bt-call-smartwatch-resistente-al-agua-con-monitor-de-presion-sanguinea-oxigeno-de-ritmo-cardiaco-smart-watch-ip68-waterproof","status":"publish","type":"product","link":"https:\/\/www.mobile-well.com\/es\/producto\/2022-nuevo-reloj-inteligente-bt-call-smartwatch-resistente-al-agua-con-monitor-de-presion-sanguinea-oxigeno-de-ritmo-cardiaco-smart-watch-ip68-waterproof\/","title":{"rendered":"2022 Nuevo reloj inteligente BT Call Smartwatch resistente al agua con monitor de presi\u00f3n sangu\u00ednea Ox\u00edgeno de ritmo card\u00edaco Smart Watch IP68 Waterproof"},"content":{"rendered":"","protected":false},"excerpt":{"rendered":"<ul>\n<li>Juego de chips: 8762DT<\/li>\n<li>Tama\u00f1o de la pantalla: 1,32 pulgadas<\/li>\n<li>Versi\u00f3n BT: 5.0<\/li>\n<li>Resoluci\u00f3n: 360*360 IPS<\/li>\n<li>Tipo: Pantalla completa t\u00e1ctil<\/li>\n<li>Tipo de bater\u00eda: Pol\u00edmero de litio<\/li>\n<li>Capacidad de la bater\u00eda: 300mAh<\/li>\n<li>Tiempo de carga: 3 horas<\/li>\n<li>Tiempo de uso: Aproximadamente 5-7 d\u00edas<\/li>\n<li>Ritmo card\u00edaco: HRS3300<\/li>\n<li>M\u00e9todo de carga: Carga inal\u00e1mbrica<\/li>\n<li>Nivel de impermeabilidad: IP68<\/li>\n<li>Material de apariencia: aleaci\u00f3n de zinc + vidrio templado (Watch )<\/li>\n<li>silicona\u3001Piel\u3001Acero cer\u00e1mico ( Pulsera )<\/li>\n<\/ul>\n","protected":false},"featured_media":105028,"template":"","meta":[],"product_brand":[],"product_cat":[467],"product_tag":[7741,7742,7743],"class_list":{"0":"post-105019","1":"product","2":"type-product","3":"status-publish","4":"has-post-thumbnail","6":"product_cat-gadgets-2","7":"product_tag-bt-calling-smartwatch","8":"product_tag-resistente-al-agua-con-tensiometro-y-pulsometro-de-oxigeno","9":"product_tag-smartwatch-resistente-al-agua-ip68","11":"first","12":"instock","13":"shipping-taxable","14":"product-type-simple"},"jetpack_sharing_enabled":true,"_links":{"self":[{"href":"https:\/\/www.mobile-well.com\/es\/wp-json\/wp\/v2\/product\/105019","targetHints":{"allow":["GET"]}}],"collection":[{"href":"https:\/\/www.mobile-well.com\/es\/wp-json\/wp\/v2\/product"}],"about":[{"href":"https:\/\/www.mobile-well.com\/es\/wp-json\/wp\/v2\/types\/product"}],"wp:featuredmedia":[{"embeddable":true,"href":"https:\/\/www.mobile-well.com\/es\/wp-json\/wp\/v2\/media\/105028"}],"wp:attachment":[{"href":"https:\/\/www.mobile-well.com\/es\/wp-json\/wp\/v2\/media?parent=105019"}],"wp:term":[{"taxonomy":"product_brand","embeddable":true,"href":"https:\/\/www.mobile-well.com\/es\/wp-json\/wp\/v2\/product_brand?post=105019"},{"taxonomy":"product_cat","embeddable":true,"href":"https:\/\/www.mobile-well.com\/es\/wp-json\/wp\/v2\/product_cat?post=105019"},{"taxonomy":"product_tag","embeddable":true,"href":"https:\/\/www.mobile-well.com\/es\/wp-json\/wp\/v2\/product_tag?post=105019"}],"curies":[{"name":"wp","href":"https:\/\/api.w.org\/{rel}","templated":true}]}}