{"id":105258,"date":"2022-11-30T11:14:32","date_gmt":"2022-11-30T03:14:32","guid":{"rendered":"https:\/\/www.mobile-well.com\/?post_type=product&#038;p=105258"},"modified":"2022-11-30T11:14:34","modified_gmt":"2022-11-30T03:14:34","slug":"soporte-de-telefono-movil-multifuncional-3-en-1-de-alta-calidad-con-cargador-inalambrico","status":"publish","type":"product","link":"https:\/\/www.mobile-well.com\/es\/producto\/soporte-de-telefono-movil-multifuncional-3-en-1-de-alta-calidad-con-cargador-inalambrico\/","title":{"rendered":"Soporte de tel\u00e9fono m\u00f3vil multifuncional 3 en 1 de alta calidad con cargador inal\u00e1mbrico"},"content":{"rendered":"","protected":false},"excerpt":{"rendered":"<p>1.Corriente de entrada: DC5V-3.1A 9V-2A(MAX) (Por favor, utilice el cargador r\u00e1pido QC3.0, o la fuente de alimentaci\u00f3n de 9V)<br \/>\n2.Salida de tel\u00e9fono m\u00f3vil: 10W\/Max;<br \/>\n3. Salida de auriculares: 5W m\u00e1x;<br \/>\n4. Salida de reloj: 2W m\u00e1x;<br \/>\n5.Longitud del cable USB: 1.0M<br \/>\n\u25cf Salida inteligente de 5W-7,5W-10W, compatible con los tel\u00e9fonos de Apple.<br \/>\n\u25cf Adecuado para cargar los auriculares de la serie Apple.<br \/>\n\u25cf Adecuado para la carga inal\u00e1mbrica del reloj de la serie de Apple<br \/>\nABS<br \/>\nInterfaz tipo C<br \/>\nCabezal de carga QC3.0 opcional<br \/>\nEE.UU.\/Reino Unido\/Euro\/AU.<\/p>\n","protected":false},"featured_media":105267,"template":"","meta":[],"product_brand":[],"product_cat":[541],"product_tag":[7752],"class_list":{"0":"post-105258","1":"product","2":"type-product","3":"status-publish","4":"has-post-thumbnail","6":"product_cat-cargadores-inalambricos","7":"product_tag-soporte-para-telefono-con-cargador-inalambrico-multifuncional-3-en-1","9":"first","10":"instock","11":"shipping-taxable","12":"product-type-simple"},"jetpack_sharing_enabled":true,"_links":{"self":[{"href":"https:\/\/www.mobile-well.com\/es\/wp-json\/wp\/v2\/product\/105258","targetHints":{"allow":["GET"]}}],"collection":[{"href":"https:\/\/www.mobile-well.com\/es\/wp-json\/wp\/v2\/product"}],"about":[{"href":"https:\/\/www.mobile-well.com\/es\/wp-json\/wp\/v2\/types\/product"}],"wp:featuredmedia":[{"embeddable":true,"href":"https:\/\/www.mobile-well.com\/es\/wp-json\/wp\/v2\/media\/105267"}],"wp:attachment":[{"href":"https:\/\/www.mobile-well.com\/es\/wp-json\/wp\/v2\/media?parent=105258"}],"wp:term":[{"taxonomy":"product_brand","embeddable":true,"href":"https:\/\/www.mobile-well.com\/es\/wp-json\/wp\/v2\/product_brand?post=105258"},{"taxonomy":"product_cat","embeddable":true,"href":"https:\/\/www.mobile-well.com\/es\/wp-json\/wp\/v2\/product_cat?post=105258"},{"taxonomy":"product_tag","embeddable":true,"href":"https:\/\/www.mobile-well.com\/es\/wp-json\/wp\/v2\/product_tag?post=105258"}],"curies":[{"name":"wp","href":"https:\/\/api.w.org\/{rel}","templated":true}]}}