{"id":105273,"date":"2022-11-30T11:23:04","date_gmt":"2022-11-30T03:23:04","guid":{"rendered":"https:\/\/www.mobile-well.com\/?post_type=product&#038;p=105273"},"modified":"2022-11-30T11:23:05","modified_gmt":"2022-11-30T03:23:05","slug":"nuevo-en-2022-relojes-de-alta-calidad-para-smartphones","status":"publish","type":"product","link":"https:\/\/www.mobile-well.com\/es\/producto\/nuevo-en-2022-relojes-de-alta-calidad-para-smartphones\/","title":{"rendered":"Nuevo en 2022, relojes de alta calidad para smartphones"},"content":{"rendered":"","protected":false},"excerpt":{"rendered":"<ul>\n<li>Tipo de producto: Reloj inteligente<\/li>\n<li>Versi\u00f3n inal\u00e1mbrica: 5.0<\/li>\n<li>Chip: Realtek8762cw<\/li>\n<li>Tama\u00f1o de la pantalla: Pantalla cuadrada 1.9<\/li>\n<li>Tama\u00f1o(D*H)(mm): 44.5*37.5*10. 1MM<\/li>\n<li>Tama\u00f1o del producto: 43. 5*36. 8*10.5MM<\/li>\n<li>Bater\u00eda: bater\u00eda de pol\u00edmero de 220mAH<\/li>\n<li>M\u00e9todo de botones: Full touch + bot\u00f3n f\u00edsico<\/li>\n<li>Color: negro, plata, oro champ\u00e1n<\/li>\n<li>Especificaciones del embalaje: Cable de carga magn\u00e9tico + manual + correa<\/li>\n<li>Sistema de apoyo: Android 5.0 o superior, ios9.0 o superior<\/li>\n<li>Funciones: Push languag\u3001APP language\u3001Exercise record\u3001.<\/li>\n<li>Monitorizaci\u00f3n de la salud\u3001Monitorizaci\u00f3n del ejercicio\u3001Monitorizaci\u00f3n de la salud\u3001Recordatorio inteligente<\/li>\n<\/ul>\n","protected":false},"featured_media":105280,"template":"","meta":[],"product_brand":[],"product_cat":[467],"product_tag":[7753],"class_list":{"0":"post-105273","1":"product","2":"type-product","3":"status-publish","4":"has-post-thumbnail","6":"product_cat-gadgets-2","7":"product_tag-relojes-de-alta-calidad-para-smartphones","9":"first","10":"instock","11":"shipping-taxable","12":"product-type-simple"},"jetpack_sharing_enabled":true,"_links":{"self":[{"href":"https:\/\/www.mobile-well.com\/es\/wp-json\/wp\/v2\/product\/105273","targetHints":{"allow":["GET"]}}],"collection":[{"href":"https:\/\/www.mobile-well.com\/es\/wp-json\/wp\/v2\/product"}],"about":[{"href":"https:\/\/www.mobile-well.com\/es\/wp-json\/wp\/v2\/types\/product"}],"wp:featuredmedia":[{"embeddable":true,"href":"https:\/\/www.mobile-well.com\/es\/wp-json\/wp\/v2\/media\/105280"}],"wp:attachment":[{"href":"https:\/\/www.mobile-well.com\/es\/wp-json\/wp\/v2\/media?parent=105273"}],"wp:term":[{"taxonomy":"product_brand","embeddable":true,"href":"https:\/\/www.mobile-well.com\/es\/wp-json\/wp\/v2\/product_brand?post=105273"},{"taxonomy":"product_cat","embeddable":true,"href":"https:\/\/www.mobile-well.com\/es\/wp-json\/wp\/v2\/product_cat?post=105273"},{"taxonomy":"product_tag","embeddable":true,"href":"https:\/\/www.mobile-well.com\/es\/wp-json\/wp\/v2\/product_tag?post=105273"}],"curies":[{"name":"wp","href":"https:\/\/api.w.org\/{rel}","templated":true}]}}