{"id":105624,"date":"2022-12-05T17:15:07","date_gmt":"2022-12-05T09:15:07","guid":{"rendered":"https:\/\/www.mobile-well.com\/?post_type=product&#038;p=105624"},"modified":"2022-12-05T17:15:18","modified_gmt":"2022-12-05T09:15:18","slug":"auriculares-inalambricos-bt-de-capsula-mecanica-con-indicador-de-potencia","status":"publish","type":"product","link":"https:\/\/www.mobile-well.com\/es\/producto\/auriculares-inalambricos-bt-de-capsula-mecanica-con-indicador-de-potencia\/","title":{"rendered":"Auriculares inal\u00e1mbricos BT de c\u00e1psula mec\u00e1nica con indicador de potencia"},"content":{"rendered":"","protected":false},"excerpt":{"rendered":"<ul>\n<li>Modelo: M25<\/li>\n<li>Versi\u00f3n inal\u00e1mbrica: V5.2<\/li>\n<li>Distancia de transmisi\u00f3n: 10M<\/li>\n<li>Perfiles: A2DP\/HFP \/HSP\/ AVRCP<\/li>\n<li>M\u00fasica:3- 5horas(Carga completa)<\/li>\n<li>Tiempo de carga: unas 2 horas<\/li>\n<li>Bater\u00eda de los auriculares: 50mAh*2<\/li>\n<li>Bater\u00eda del estuche de carga: 800mAh<\/li>\n<li>Entrada:5V=1A<\/li>\n<li>Salida:5V=1A<\/li>\n<li>Puerto de carga:Puerto tipo -C<\/li>\n<li>Color:Negro<\/li>\n<li>Peso de un solo auricular:3.8G<\/li>\n<li>Peso del producto (caja de carga + auriculares): 69.7G<\/li>\n<li>Peso del producto (con embalaje individual): 120.6G<\/li>\n<\/ul>\n","protected":false},"featured_media":105625,"template":"","meta":[],"product_brand":[],"product_cat":[3017],"product_tag":[7776],"class_list":{"0":"post-105624","1":"product","2":"type-product","3":"status-publish","4":"has-post-thumbnail","6":"product_cat-auriculares","7":"product_tag-auriculares-inalambricos-bt-de-caja-mecanica","9":"first","10":"instock","11":"shipping-taxable","12":"product-type-simple"},"jetpack_sharing_enabled":true,"_links":{"self":[{"href":"https:\/\/www.mobile-well.com\/es\/wp-json\/wp\/v2\/product\/105624","targetHints":{"allow":["GET"]}}],"collection":[{"href":"https:\/\/www.mobile-well.com\/es\/wp-json\/wp\/v2\/product"}],"about":[{"href":"https:\/\/www.mobile-well.com\/es\/wp-json\/wp\/v2\/types\/product"}],"wp:featuredmedia":[{"embeddable":true,"href":"https:\/\/www.mobile-well.com\/es\/wp-json\/wp\/v2\/media\/105625"}],"wp:attachment":[{"href":"https:\/\/www.mobile-well.com\/es\/wp-json\/wp\/v2\/media?parent=105624"}],"wp:term":[{"taxonomy":"product_brand","embeddable":true,"href":"https:\/\/www.mobile-well.com\/es\/wp-json\/wp\/v2\/product_brand?post=105624"},{"taxonomy":"product_cat","embeddable":true,"href":"https:\/\/www.mobile-well.com\/es\/wp-json\/wp\/v2\/product_cat?post=105624"},{"taxonomy":"product_tag","embeddable":true,"href":"https:\/\/www.mobile-well.com\/es\/wp-json\/wp\/v2\/product_tag?post=105624"}],"curies":[{"name":"wp","href":"https:\/\/api.w.org\/{rel}","templated":true}]}}