{"id":105686,"date":"2022-12-13T10:47:49","date_gmt":"2022-12-13T02:47:49","guid":{"rendered":"https:\/\/www.mobile-well.com\/?post_type=product&#038;p=105686"},"modified":"2022-12-13T10:47:50","modified_gmt":"2022-12-13T02:47:50","slug":"hengshunkuan-cuatro-en-uno-moldeo-por-inyeccion-pulverizacion-de-aceite-tpu-pc-funda-de-telefono","status":"publish","type":"product","link":"https:\/\/www.mobile-well.com\/es\/producto\/hengshunkuan-cuatro-en-uno-moldeo-por-inyeccion-pulverizacion-de-aceite-tpu-pc-funda-de-telefono\/","title":{"rendered":"HengShunKuan Cuatro-en-uno Moldeo por Inyecci\u00f3n + Pulverizaci\u00f3n de Aceite TPU + PC Funda de Tel\u00e9fono"},"content":{"rendered":"","protected":false},"excerpt":{"rendered":"<ul>\n<li>N.\u00ba de producto P1021-A10<\/li>\n<li>MOQ:50Pcs\/Modelo\/color<\/li>\n<li>Material:TPU+PC<\/li>\n<li>Artesan\u00eda: moldeo por inyecci\u00f3n + pulverizaci\u00f3n de aceite<\/li>\n<li>N.W del producto: 38.5g<\/li>\n<li>Tama\u00f1o CTN: 60*45*33cm 500pcs\/ctn 19.25KG<\/li>\n<\/ul>\n","protected":false},"featured_media":105693,"template":"","meta":[],"product_brand":[],"product_cat":[77],"product_tag":[7779,7780],"class_list":{"0":"post-105686","1":"product","2":"type-product","3":"status-publish","4":"has-post-thumbnail","6":"product_cat-fundas","7":"product_tag-funda-de-telefono-4-en-1","8":"product_tag-funda-de-telefono-de-tpupc-moldeada-por-inyeccion-y-engrasada","10":"first","11":"instock","12":"shipping-taxable","13":"product-type-simple"},"jetpack_sharing_enabled":true,"_links":{"self":[{"href":"https:\/\/www.mobile-well.com\/es\/wp-json\/wp\/v2\/product\/105686","targetHints":{"allow":["GET"]}}],"collection":[{"href":"https:\/\/www.mobile-well.com\/es\/wp-json\/wp\/v2\/product"}],"about":[{"href":"https:\/\/www.mobile-well.com\/es\/wp-json\/wp\/v2\/types\/product"}],"wp:featuredmedia":[{"embeddable":true,"href":"https:\/\/www.mobile-well.com\/es\/wp-json\/wp\/v2\/media\/105693"}],"wp:attachment":[{"href":"https:\/\/www.mobile-well.com\/es\/wp-json\/wp\/v2\/media?parent=105686"}],"wp:term":[{"taxonomy":"product_brand","embeddable":true,"href":"https:\/\/www.mobile-well.com\/es\/wp-json\/wp\/v2\/product_brand?post=105686"},{"taxonomy":"product_cat","embeddable":true,"href":"https:\/\/www.mobile-well.com\/es\/wp-json\/wp\/v2\/product_cat?post=105686"},{"taxonomy":"product_tag","embeddable":true,"href":"https:\/\/www.mobile-well.com\/es\/wp-json\/wp\/v2\/product_tag?post=105686"}],"curies":[{"name":"wp","href":"https:\/\/api.w.org\/{rel}","templated":true}]}}