{"id":106132,"date":"2023-01-05T15:49:50","date_gmt":"2023-01-05T07:49:50","guid":{"rendered":"https:\/\/www.mobile-well.com\/?post_type=product&#038;p=106132"},"modified":"2023-01-05T15:49:51","modified_gmt":"2023-01-05T07:49:51","slug":"meiyan-atraccion-magnetica-tpupc-funda-telefono","status":"publish","type":"product","link":"https:\/\/www.mobile-well.com\/es\/producto\/meiyan-atraccion-magnetica-tpupc-funda-telefono\/","title":{"rendered":"MeiYan Atracci\u00f3n Magn\u00e9tica TPU+PC Funda Tel\u00e9fono"},"content":{"rendered":"","protected":false},"excerpt":{"rendered":"<ul>\n<li>N.\u00ba de producto P1021-A14<\/li>\n<li>Material:TPU+PC<\/li>\n<li>Artesan\u00eda:Atracci\u00f3n magn\u00e9tica<\/li>\n<li>N.W del producto: 42.8g<\/li>\n<li>Tama\u00f1o CTN: 60*45*33cm 500pcs\/ctn 21.4KG<\/li>\n<\/ul>\n","protected":false},"featured_media":106135,"template":"","meta":[],"product_brand":[],"product_cat":[77],"product_tag":[7809],"class_list":{"0":"post-106132","1":"product","2":"type-product","3":"status-publish","4":"has-post-thumbnail","6":"product_cat-fundas","7":"product_tag-atraccion-magnetica-tpupc-funda-telefono","9":"first","10":"instock","11":"shipping-taxable","12":"product-type-simple"},"jetpack_sharing_enabled":true,"_links":{"self":[{"href":"https:\/\/www.mobile-well.com\/es\/wp-json\/wp\/v2\/product\/106132","targetHints":{"allow":["GET"]}}],"collection":[{"href":"https:\/\/www.mobile-well.com\/es\/wp-json\/wp\/v2\/product"}],"about":[{"href":"https:\/\/www.mobile-well.com\/es\/wp-json\/wp\/v2\/types\/product"}],"wp:featuredmedia":[{"embeddable":true,"href":"https:\/\/www.mobile-well.com\/es\/wp-json\/wp\/v2\/media\/106135"}],"wp:attachment":[{"href":"https:\/\/www.mobile-well.com\/es\/wp-json\/wp\/v2\/media?parent=106132"}],"wp:term":[{"taxonomy":"product_brand","embeddable":true,"href":"https:\/\/www.mobile-well.com\/es\/wp-json\/wp\/v2\/product_brand?post=106132"},{"taxonomy":"product_cat","embeddable":true,"href":"https:\/\/www.mobile-well.com\/es\/wp-json\/wp\/v2\/product_cat?post=106132"},{"taxonomy":"product_tag","embeddable":true,"href":"https:\/\/www.mobile-well.com\/es\/wp-json\/wp\/v2\/product_tag?post=106132"}],"curies":[{"name":"wp","href":"https:\/\/api.w.org\/{rel}","templated":true}]}}