{"id":106286,"date":"2023-01-07T16:23:01","date_gmt":"2023-01-07T08:23:01","guid":{"rendered":"https:\/\/www.mobile-well.com\/?post_type=product&#038;p=106286"},"modified":"2023-01-07T16:23:01","modified_gmt":"2023-01-07T08:23:01","slug":"sonido-del-microfono-ys-104","status":"publish","type":"product","link":"https:\/\/www.mobile-well.com\/es\/producto\/sonido-del-microfono-ys-104\/","title":{"rendered":"Sonido del micr\u00f3fono YS-104"},"content":{"rendered":"","protected":false},"excerpt":{"rendered":"<ul>\n<li>Compatible con una amplia gama de tel\u00e9fonos inteligentes y tabletas para los sistemas Apple y Android.<\/li>\n<li>Potencia de los altavoces: 10 W<\/li>\n<li>Relaci\u00f3n se\u00f1al\/ruido: \u226560dB<\/li>\n<li>Rango de respuesta en frecuencia: 40\uff5e 20KHZ<\/li>\n<li>Bater\u00eda: Bater\u00eda de litio integrada de 3000MA<\/li>\n<li>Tiempo de carga: 3\uff5e5 horas<\/li>\n<li>Tiempo de reproducci\u00f3n: 5-8 horas a volumen medio con carga completa<\/li>\n<li>Requisitos del adaptador de corriente: tensi\u00f3n de salida:5V corriente 1A\/2A<\/li>\n<li>Funci\u00f3n: Reproducir m\u00fasica en formato MP3 desde el disco U \/ tarjeta TF, conectarse a un tel\u00e9fono m\u00f3vil, TV, proyecci\u00f3n o tableta a trav\u00e9s de Bluetooth K canci\u00f3n, utilizar como micr\u00f3fono discurso<\/li>\n<\/ul>\n","protected":false},"featured_media":106305,"template":"","meta":[],"product_brand":[],"product_cat":[3015],"product_tag":[7817],"class_list":{"0":"post-106286","1":"product","2":"type-product","3":"status-publish","4":"has-post-thumbnail","6":"product_cat-audio","7":"product_tag-sonido-del-microfono","9":"first","10":"instock","11":"shipping-taxable","12":"product-type-simple"},"jetpack_sharing_enabled":true,"_links":{"self":[{"href":"https:\/\/www.mobile-well.com\/es\/wp-json\/wp\/v2\/product\/106286","targetHints":{"allow":["GET"]}}],"collection":[{"href":"https:\/\/www.mobile-well.com\/es\/wp-json\/wp\/v2\/product"}],"about":[{"href":"https:\/\/www.mobile-well.com\/es\/wp-json\/wp\/v2\/types\/product"}],"wp:featuredmedia":[{"embeddable":true,"href":"https:\/\/www.mobile-well.com\/es\/wp-json\/wp\/v2\/media\/106305"}],"wp:attachment":[{"href":"https:\/\/www.mobile-well.com\/es\/wp-json\/wp\/v2\/media?parent=106286"}],"wp:term":[{"taxonomy":"product_brand","embeddable":true,"href":"https:\/\/www.mobile-well.com\/es\/wp-json\/wp\/v2\/product_brand?post=106286"},{"taxonomy":"product_cat","embeddable":true,"href":"https:\/\/www.mobile-well.com\/es\/wp-json\/wp\/v2\/product_cat?post=106286"},{"taxonomy":"product_tag","embeddable":true,"href":"https:\/\/www.mobile-well.com\/es\/wp-json\/wp\/v2\/product_tag?post=106286"}],"curies":[{"name":"wp","href":"https:\/\/api.w.org\/{rel}","templated":true}]}}