{"id":106388,"date":"2023-01-07T16:59:21","date_gmt":"2023-01-07T08:59:21","guid":{"rendered":"https:\/\/www.mobile-well.com\/?post_type=product&#038;p=106388"},"modified":"2023-01-07T16:59:22","modified_gmt":"2023-01-07T08:59:22","slug":"soporte-para-tableta-k579","status":"publish","type":"product","link":"https:\/\/www.mobile-well.com\/es\/producto\/soporte-para-tableta-k579\/","title":{"rendered":"Soporte para tableta K579"},"content":{"rendered":"","protected":false},"excerpt":{"rendered":"<ul>\n<li>Soporte de tableta para una experiencia inform\u00e1tica c\u00f3moda mediante un uso confortable, basado en la ergonom\u00eda y la implicaci\u00f3n del concepto de dise\u00f1o ergon\u00f3mico.<\/li>\n<\/ul>\n","protected":false},"featured_media":106399,"template":"","meta":[],"product_brand":[],"product_cat":[467],"product_tag":[7820],"class_list":{"0":"post-106388","1":"product","2":"type-product","3":"status-publish","4":"has-post-thumbnail","6":"product_cat-gadgets-2","7":"product_tag-soporte-para-tableta","9":"first","10":"instock","11":"shipping-taxable","12":"product-type-simple"},"jetpack_sharing_enabled":true,"_links":{"self":[{"href":"https:\/\/www.mobile-well.com\/es\/wp-json\/wp\/v2\/product\/106388","targetHints":{"allow":["GET"]}}],"collection":[{"href":"https:\/\/www.mobile-well.com\/es\/wp-json\/wp\/v2\/product"}],"about":[{"href":"https:\/\/www.mobile-well.com\/es\/wp-json\/wp\/v2\/types\/product"}],"wp:featuredmedia":[{"embeddable":true,"href":"https:\/\/www.mobile-well.com\/es\/wp-json\/wp\/v2\/media\/106399"}],"wp:attachment":[{"href":"https:\/\/www.mobile-well.com\/es\/wp-json\/wp\/v2\/media?parent=106388"}],"wp:term":[{"taxonomy":"product_brand","embeddable":true,"href":"https:\/\/www.mobile-well.com\/es\/wp-json\/wp\/v2\/product_brand?post=106388"},{"taxonomy":"product_cat","embeddable":true,"href":"https:\/\/www.mobile-well.com\/es\/wp-json\/wp\/v2\/product_cat?post=106388"},{"taxonomy":"product_tag","embeddable":true,"href":"https:\/\/www.mobile-well.com\/es\/wp-json\/wp\/v2\/product_tag?post=106388"}],"curies":[{"name":"wp","href":"https:\/\/api.w.org\/{rel}","templated":true}]}}