{"id":106464,"date":"2023-01-09T10:53:53","date_gmt":"2023-01-09T02:53:53","guid":{"rendered":"https:\/\/www.mobile-well.com\/?post_type=product&#038;p=106464"},"modified":"2023-01-09T10:54:00","modified_gmt":"2023-01-09T02:54:00","slug":"exf-hsd2021-msw-camara-de-vigilancia-36-luces-2","status":"publish","type":"product","link":"https:\/\/www.mobile-well.com\/es\/producto\/exf-hsd2021-msw-camara-de-vigilancia-36-luces-2\/","title":{"rendered":"EXF-HSD2021-MSW C\u00e1mara de vigilancia (36 luces 2&#8243;)"},"content":{"rendered":"","protected":false},"excerpt":{"rendered":"<p>*Conexi\u00f3n wifi, escanee el c\u00f3digo QR para conectar f\u00e1cilmente la c\u00e1mara y la red, funcionamiento sencillo y c\u00f3modo *Con conexi\u00f3n hotspot, sin red tambi\u00e9n puede ver y reproducir v\u00eddeo<br \/>\n*Soporta almacenamiento en la nube y almacenamiento de v\u00eddeo en tarjeta TF local para garantizar un almacenamiento seguro de los datos de v\u00eddeo *Soporta acceso a MIC y altavoz, soporta intercomunicaci\u00f3n de voz bidireccional<br \/>\n*Dise\u00f1o de doble luz blanca infrarroja, admite tres modos de visi\u00f3n nocturna ajustables, para conseguir todo el color por la noche *Detecci\u00f3n humana inteligente, filtrado de falsas alarmas, protecci\u00f3n precisa de su seguridad<br \/>\n*Defensa activa, cuando alguien irrumpe en la zona de vigilancia, informaci\u00f3n de alarma en tiempo real, alarma sonora y luminosa del equipo *Soporta tel\u00e9fonos m\u00f3viles, en cualquier momento y lugar para ver la situaci\u00f3n en directo<br \/>\n*Versi\u00f3n de enfoque fijo con objetivo de 4MM por defecto<br \/>\nCaracter\u00edsticas: compatibilidad con captura de im\u00e1genes de alarma, intercomunicador de voz, visi\u00f3n nocturna inteligente, pulsaci\u00f3n de alarma, descarga remota de secuencias de v\u00eddeo desde tel\u00e9fonos m\u00f3viles; compatibilidad con tarjetas de memoria de 32-128 GB.<\/p>\n","protected":false},"featured_media":106515,"template":"","meta":[],"product_brand":[],"product_cat":[467],"product_tag":[7827],"class_list":{"0":"post-106464","1":"product","2":"type-product","3":"status-publish","4":"has-post-thumbnail","6":"product_cat-gadgets-2","7":"product_tag-camara-de-vigilancia","9":"first","10":"instock","11":"shipping-taxable","12":"product-type-simple"},"jetpack_sharing_enabled":true,"_links":{"self":[{"href":"https:\/\/www.mobile-well.com\/es\/wp-json\/wp\/v2\/product\/106464","targetHints":{"allow":["GET"]}}],"collection":[{"href":"https:\/\/www.mobile-well.com\/es\/wp-json\/wp\/v2\/product"}],"about":[{"href":"https:\/\/www.mobile-well.com\/es\/wp-json\/wp\/v2\/types\/product"}],"wp:featuredmedia":[{"embeddable":true,"href":"https:\/\/www.mobile-well.com\/es\/wp-json\/wp\/v2\/media\/106515"}],"wp:attachment":[{"href":"https:\/\/www.mobile-well.com\/es\/wp-json\/wp\/v2\/media?parent=106464"}],"wp:term":[{"taxonomy":"product_brand","embeddable":true,"href":"https:\/\/www.mobile-well.com\/es\/wp-json\/wp\/v2\/product_brand?post=106464"},{"taxonomy":"product_cat","embeddable":true,"href":"https:\/\/www.mobile-well.com\/es\/wp-json\/wp\/v2\/product_cat?post=106464"},{"taxonomy":"product_tag","embeddable":true,"href":"https:\/\/www.mobile-well.com\/es\/wp-json\/wp\/v2\/product_tag?post=106464"}],"curies":[{"name":"wp","href":"https:\/\/api.w.org\/{rel}","templated":true}]}}