{"id":106593,"date":"2023-02-14T14:41:25","date_gmt":"2023-02-14T06:41:25","guid":{"rendered":"https:\/\/www.mobile-well.com\/?post_type=product&#038;p=106593"},"modified":"2023-08-23T10:59:08","modified_gmt":"2023-08-23T02:59:08","slug":"2-0mm-atraccion-magnetica-imd-funda-protectora-tpu-resistente-a-los-golpes","status":"publish","type":"product","link":"https:\/\/www.mobile-well.com\/es\/producto\/2-0mm-atraccion-magnetica-imd-funda-protectora-tpu-resistente-a-los-golpes\/","title":{"rendered":"2.0MM Atracci\u00f3n Magn\u00e9tica IMD Funda Protectora TPU Resistente a los Golpes"},"content":{"rendered":"","protected":false},"excerpt":{"rendered":"<ul>\n<li>N.\u00ba de producto P2021-A12<\/li>\n<li>MOQ:100Pcs\/Modelo,50Pcs\/color<\/li>\n<li>Una cantidad de la orden necesita alcanzar 2400pcs, y el patr\u00f3n del IMD se pod\u00eda seleccionar con el patr\u00f3n 3\/6\/12.<\/li>\n<li>Material:TPU<\/li>\n<li>Artesan\u00eda: doble cara IMD + atracci\u00f3n magn\u00e9tica<\/li>\n<li>N.W del producto: 42g<\/li>\n<li>Tama\u00f1o CTN: 60*45*33cm 500pcs\/ctn 21KG<\/li>\n<\/ul>\n","protected":false},"featured_media":106598,"template":"","meta":[],"product_brand":[],"product_cat":[77],"product_tag":[8458],"class_list":{"0":"post-106593","1":"product","2":"type-product","3":"status-publish","4":"has-post-thumbnail","6":"product_cat-fundas","7":"product_tag-imd-funda-protectora","9":"first","10":"instock","11":"shipping-taxable","12":"product-type-simple"},"jetpack_sharing_enabled":true,"_links":{"self":[{"href":"https:\/\/www.mobile-well.com\/es\/wp-json\/wp\/v2\/product\/106593","targetHints":{"allow":["GET"]}}],"collection":[{"href":"https:\/\/www.mobile-well.com\/es\/wp-json\/wp\/v2\/product"}],"about":[{"href":"https:\/\/www.mobile-well.com\/es\/wp-json\/wp\/v2\/types\/product"}],"wp:featuredmedia":[{"embeddable":true,"href":"https:\/\/www.mobile-well.com\/es\/wp-json\/wp\/v2\/media\/106598"}],"wp:attachment":[{"href":"https:\/\/www.mobile-well.com\/es\/wp-json\/wp\/v2\/media?parent=106593"}],"wp:term":[{"taxonomy":"product_brand","embeddable":true,"href":"https:\/\/www.mobile-well.com\/es\/wp-json\/wp\/v2\/product_brand?post=106593"},{"taxonomy":"product_cat","embeddable":true,"href":"https:\/\/www.mobile-well.com\/es\/wp-json\/wp\/v2\/product_cat?post=106593"},{"taxonomy":"product_tag","embeddable":true,"href":"https:\/\/www.mobile-well.com\/es\/wp-json\/wp\/v2\/product_tag?post=106593"}],"curies":[{"name":"wp","href":"https:\/\/api.w.org\/{rel}","templated":true}]}}