{"id":106637,"date":"2023-02-14T15:12:56","date_gmt":"2023-02-14T07:12:56","guid":{"rendered":"https:\/\/www.mobile-well.com\/?post_type=product&#038;p=106637"},"modified":"2023-02-14T15:14:11","modified_gmt":"2023-02-14T07:14:11","slug":"yadunwugan-moldeo-por-inyeccion-aceite-pulverizacion-tpupc-funda-de-telefono","status":"publish","type":"product","link":"https:\/\/www.mobile-well.com\/es\/producto\/yadunwugan-moldeo-por-inyeccion-aceite-pulverizacion-tpupc-funda-de-telefono\/","title":{"rendered":"YaDunWuGan Moldeo por Inyecci\u00f3n Aceite Pulverizaci\u00f3n TPU+PC Funda de Tel\u00e9fono"},"content":{"rendered":"","protected":false},"excerpt":{"rendered":"<ul>\n<li>N.\u00ba de producto P2021-A06<\/li>\n<li>MOQ:10Pcs\/Modelo\/color<\/li>\n<li>Material:TPU+PC<\/li>\n<li>Artesan\u00eda: Moldeo por inyecci\u00f3n + pulverizaci\u00f3n de aceite<\/li>\n<li>N.W del producto: 30.8g<\/li>\n<li>Tama\u00f1o CTN: 60*45*33cm 500pcs\/ctn 15.4KG<\/li>\n<\/ul>\n","protected":false},"featured_media":106646,"template":"","meta":[],"product_brand":[],"product_cat":[77],"product_tag":[7835,7717],"class_list":{"0":"post-106637","1":"product","2":"type-product","3":"status-publish","4":"has-post-thumbnail","6":"product_cat-fundas","7":"product_tag-moldeo-por-inyeccion-aceite-pulverizacion","8":"product_tag-tpupc-funda-de-telefono","10":"first","11":"instock","12":"shipping-taxable","13":"product-type-simple"},"jetpack_sharing_enabled":true,"_links":{"self":[{"href":"https:\/\/www.mobile-well.com\/es\/wp-json\/wp\/v2\/product\/106637","targetHints":{"allow":["GET"]}}],"collection":[{"href":"https:\/\/www.mobile-well.com\/es\/wp-json\/wp\/v2\/product"}],"about":[{"href":"https:\/\/www.mobile-well.com\/es\/wp-json\/wp\/v2\/types\/product"}],"wp:featuredmedia":[{"embeddable":true,"href":"https:\/\/www.mobile-well.com\/es\/wp-json\/wp\/v2\/media\/106646"}],"wp:attachment":[{"href":"https:\/\/www.mobile-well.com\/es\/wp-json\/wp\/v2\/media?parent=106637"}],"wp:term":[{"taxonomy":"product_brand","embeddable":true,"href":"https:\/\/www.mobile-well.com\/es\/wp-json\/wp\/v2\/product_brand?post=106637"},{"taxonomy":"product_cat","embeddable":true,"href":"https:\/\/www.mobile-well.com\/es\/wp-json\/wp\/v2\/product_cat?post=106637"},{"taxonomy":"product_tag","embeddable":true,"href":"https:\/\/www.mobile-well.com\/es\/wp-json\/wp\/v2\/product_tag?post=106637"}],"curies":[{"name":"wp","href":"https:\/\/api.w.org\/{rel}","templated":true}]}}