{"id":106652,"date":"2023-02-14T15:19:44","date_gmt":"2023-02-14T07:19:44","guid":{"rendered":"https:\/\/www.mobile-well.com\/?post_type=product&#038;p=106652"},"modified":"2023-08-23T11:17:33","modified_gmt":"2023-08-23T03:17:33","slug":"yuankong-protector-de-boton-y-lente-electrochapado-funda-acrilica-tpu-para-telefono","status":"publish","type":"product","link":"https:\/\/www.mobile-well.com\/es\/producto\/yuankong-protector-de-boton-y-lente-electrochapado-funda-acrilica-tpu-para-telefono\/","title":{"rendered":"YuanKong Protector de Bot\u00f3n y Lente Electrochapado Funda acr\u00edlica TPU para tel\u00e9fono"},"content":{"rendered":"","protected":false},"excerpt":{"rendered":"<ul>\n<li>N.\u00ba de producto P2021-A09<\/li>\n<li>MOQ:300Pcs\/Modelo,50Pcs\/color<\/li>\n<li>Material:Acr\u00edlico+TPU<\/li>\n<li>Artesan\u00eda:Bot\u00f3n electrochapado y protector de lente<\/li>\n<li>N.W del producto: 27.8g<\/li>\n<li>Tama\u00f1o CTN: 60*45*33cm 500pcs\/ctn 13.9KG<\/li>\n<\/ul>\n","protected":false},"featured_media":106657,"template":"","meta":[],"product_brand":[],"product_cat":[77],"product_tag":[7837,7836],"class_list":{"0":"post-106652","1":"product","2":"type-product","3":"status-publish","4":"has-post-thumbnail","6":"product_cat-fundas","7":"product_tag-funda-acrilica-tpu-para-telefono","8":"product_tag-protector-de-boton-y-lente-electrochapado","10":"first","11":"instock","12":"shipping-taxable","13":"product-type-simple"},"jetpack_sharing_enabled":true,"_links":{"self":[{"href":"https:\/\/www.mobile-well.com\/es\/wp-json\/wp\/v2\/product\/106652","targetHints":{"allow":["GET"]}}],"collection":[{"href":"https:\/\/www.mobile-well.com\/es\/wp-json\/wp\/v2\/product"}],"about":[{"href":"https:\/\/www.mobile-well.com\/es\/wp-json\/wp\/v2\/types\/product"}],"wp:featuredmedia":[{"embeddable":true,"href":"https:\/\/www.mobile-well.com\/es\/wp-json\/wp\/v2\/media\/106657"}],"wp:attachment":[{"href":"https:\/\/www.mobile-well.com\/es\/wp-json\/wp\/v2\/media?parent=106652"}],"wp:term":[{"taxonomy":"product_brand","embeddable":true,"href":"https:\/\/www.mobile-well.com\/es\/wp-json\/wp\/v2\/product_brand?post=106652"},{"taxonomy":"product_cat","embeddable":true,"href":"https:\/\/www.mobile-well.com\/es\/wp-json\/wp\/v2\/product_cat?post=106652"},{"taxonomy":"product_tag","embeddable":true,"href":"https:\/\/www.mobile-well.com\/es\/wp-json\/wp\/v2\/product_tag?post=106652"}],"curies":[{"name":"wp","href":"https:\/\/api.w.org\/{rel}","templated":true}]}}