{"id":106928,"date":"2023-03-02T11:24:50","date_gmt":"2023-03-02T03:24:50","guid":{"rendered":"https:\/\/www.mobile-well.com\/?post_type=product&#038;p=106928"},"modified":"2023-03-02T11:24:54","modified_gmt":"2023-03-02T03:24:54","slug":"funda-para-telefono-tpupc-watercolor-magnetic-attraction","status":"publish","type":"product","link":"https:\/\/www.mobile-well.com\/es\/producto\/funda-para-telefono-tpupc-watercolor-magnetic-attraction\/","title":{"rendered":"Funda para tel\u00e9fono TPU+PC Watercolor Magnetic Attraction"},"content":{"rendered":"","protected":false},"excerpt":{"rendered":"<ul>\n<li>N.\u00ba de producto P6120-A05<\/li>\n<li>MOQ:100Pcs\/Modelo<\/li>\n<li>Material:TPU+PC<\/li>\n<li>Artesan\u00eda: Acuarela+Atracci\u00f3n Magn\u00e9tica<\/li>\n<li>N.W del producto: 31.6g<\/li>\n<li>Tama\u00f1o CTN: 60*45*33cm 500pcs\/ctn 15.8KG<\/li>\n<\/ul>\n","protected":false},"featured_media":106939,"template":"","meta":[],"product_brand":[],"product_cat":[77],"product_tag":[7855],"class_list":{"0":"post-106928","1":"product","2":"type-product","3":"status-publish","4":"has-post-thumbnail","6":"product_cat-fundas","7":"product_tag-funda-para-telefono-tpupc-watercolor-magnetic-attraction","9":"first","10":"instock","11":"shipping-taxable","12":"product-type-simple"},"jetpack_sharing_enabled":true,"_links":{"self":[{"href":"https:\/\/www.mobile-well.com\/es\/wp-json\/wp\/v2\/product\/106928","targetHints":{"allow":["GET"]}}],"collection":[{"href":"https:\/\/www.mobile-well.com\/es\/wp-json\/wp\/v2\/product"}],"about":[{"href":"https:\/\/www.mobile-well.com\/es\/wp-json\/wp\/v2\/types\/product"}],"wp:featuredmedia":[{"embeddable":true,"href":"https:\/\/www.mobile-well.com\/es\/wp-json\/wp\/v2\/media\/106939"}],"wp:attachment":[{"href":"https:\/\/www.mobile-well.com\/es\/wp-json\/wp\/v2\/media?parent=106928"}],"wp:term":[{"taxonomy":"product_brand","embeddable":true,"href":"https:\/\/www.mobile-well.com\/es\/wp-json\/wp\/v2\/product_brand?post=106928"},{"taxonomy":"product_cat","embeddable":true,"href":"https:\/\/www.mobile-well.com\/es\/wp-json\/wp\/v2\/product_cat?post=106928"},{"taxonomy":"product_tag","embeddable":true,"href":"https:\/\/www.mobile-well.com\/es\/wp-json\/wp\/v2\/product_tag?post=106928"}],"curies":[{"name":"wp","href":"https:\/\/api.w.org\/{rel}","templated":true}]}}