{"id":107507,"date":"2023-03-20T16:47:58","date_gmt":"2023-03-20T08:47:58","guid":{"rendered":"https:\/\/www.mobile-well.com\/?post_type=product&#038;p=107507"},"modified":"2023-08-19T15:41:57","modified_gmt":"2023-08-19T07:41:57","slug":"funda-para-telefono-con-inyeccion-de-aceite-de-silicona-solida-gutai-sibao","status":"publish","type":"product","link":"https:\/\/www.mobile-well.com\/es\/producto\/funda-para-telefono-con-inyeccion-de-aceite-de-silicona-solida-gutai-sibao\/","title":{"rendered":"Funda para tel\u00e9fono con inyecci\u00f3n de aceite de silicona s\u00f3lida GuTai SiBao"},"content":{"rendered":"","protected":false},"excerpt":{"rendered":"<ul>\n<li>N.\u00ba de producto P0130-A17<\/li>\n<li>MOQ:50Pcs\/Modelo\/color<\/li>\n<li>Material:Silicona s\u00f3lida<\/li>\n<li>Artesan\u00eda:Inyecci\u00f3n de aceite<\/li>\n<li>N.W del producto: 30.6g<\/li>\n<li>Producto G.W(Con Prensa Embalaje):44.5g<\/li>\n<li>Tama\u00f1o CTN: 60*45*33cm 500pcs\/ctn 22.25KG<\/li>\n<\/ul>\n","protected":false},"featured_media":107550,"template":"","meta":[],"product_brand":[],"product_cat":[77],"product_tag":[8378],"class_list":{"0":"post-107507","1":"product","2":"type-product","3":"status-publish","4":"has-post-thumbnail","6":"product_cat-fundas","7":"product_tag-fundas-de-telefono-de-silicona","9":"first","10":"instock","11":"shipping-taxable","12":"product-type-simple"},"jetpack_sharing_enabled":true,"_links":{"self":[{"href":"https:\/\/www.mobile-well.com\/es\/wp-json\/wp\/v2\/product\/107507","targetHints":{"allow":["GET"]}}],"collection":[{"href":"https:\/\/www.mobile-well.com\/es\/wp-json\/wp\/v2\/product"}],"about":[{"href":"https:\/\/www.mobile-well.com\/es\/wp-json\/wp\/v2\/types\/product"}],"wp:featuredmedia":[{"embeddable":true,"href":"https:\/\/www.mobile-well.com\/es\/wp-json\/wp\/v2\/media\/107550"}],"wp:attachment":[{"href":"https:\/\/www.mobile-well.com\/es\/wp-json\/wp\/v2\/media?parent=107507"}],"wp:term":[{"taxonomy":"product_brand","embeddable":true,"href":"https:\/\/www.mobile-well.com\/es\/wp-json\/wp\/v2\/product_brand?post=107507"},{"taxonomy":"product_cat","embeddable":true,"href":"https:\/\/www.mobile-well.com\/es\/wp-json\/wp\/v2\/product_cat?post=107507"},{"taxonomy":"product_tag","embeddable":true,"href":"https:\/\/www.mobile-well.com\/es\/wp-json\/wp\/v2\/product_tag?post=107507"}],"curies":[{"name":"wp","href":"https:\/\/api.w.org\/{rel}","templated":true}]}}