{"id":107683,"date":"2023-03-22T17:40:16","date_gmt":"2023-03-22T09:40:16","guid":{"rendered":"https:\/\/www.mobile-well.com\/?post_type=product&#038;p=107683"},"modified":"2023-08-19T15:18:46","modified_gmt":"2023-08-19T07:18:46","slug":"yingyan-dunpai-atraccion-magnetica-inyeccion-de-aceite-tpupc-funda-de-telefono","status":"publish","type":"product","link":"https:\/\/www.mobile-well.com\/es\/producto\/yingyan-dunpai-atraccion-magnetica-inyeccion-de-aceite-tpupc-funda-de-telefono\/","title":{"rendered":"YingYan DunPai Atracci\u00f3n Magn\u00e9tica Inyecci\u00f3n de Aceite TPU+PC Funda de Tel\u00e9fono"},"content":{"rendered":"","protected":false},"excerpt":{"rendered":"<ul>\n<li>N.\u00ba de producto P0130-A04<\/li>\n<li>MOQ:30Pcs\/color<\/li>\n<li>La cantidad de la orden debe ser m\u00e1s de 2000pcs.<\/li>\n<li>Material:TPU+PC<\/li>\n<li>Artesan\u00eda:Inyecci\u00f3n de aceite<\/li>\n<li>N.W del producto: 46.3g<\/li>\n<li>Tama\u00f1o CTN: 60*45*33cm 500pcs\/ctn 23.15KG<\/li>\n<\/ul>\n","protected":false},"featured_media":107692,"template":"","meta":[],"product_brand":[],"product_cat":[77],"product_tag":[7717],"class_list":{"0":"post-107683","1":"product","2":"type-product","3":"status-publish","4":"has-post-thumbnail","6":"product_cat-fundas","7":"product_tag-tpupc-funda-de-telefono","9":"first","10":"instock","11":"shipping-taxable","12":"product-type-simple"},"jetpack_sharing_enabled":true,"_links":{"self":[{"href":"https:\/\/www.mobile-well.com\/es\/wp-json\/wp\/v2\/product\/107683","targetHints":{"allow":["GET"]}}],"collection":[{"href":"https:\/\/www.mobile-well.com\/es\/wp-json\/wp\/v2\/product"}],"about":[{"href":"https:\/\/www.mobile-well.com\/es\/wp-json\/wp\/v2\/types\/product"}],"wp:featuredmedia":[{"embeddable":true,"href":"https:\/\/www.mobile-well.com\/es\/wp-json\/wp\/v2\/media\/107692"}],"wp:attachment":[{"href":"https:\/\/www.mobile-well.com\/es\/wp-json\/wp\/v2\/media?parent=107683"}],"wp:term":[{"taxonomy":"product_brand","embeddable":true,"href":"https:\/\/www.mobile-well.com\/es\/wp-json\/wp\/v2\/product_brand?post=107683"},{"taxonomy":"product_cat","embeddable":true,"href":"https:\/\/www.mobile-well.com\/es\/wp-json\/wp\/v2\/product_cat?post=107683"},{"taxonomy":"product_tag","embeddable":true,"href":"https:\/\/www.mobile-well.com\/es\/wp-json\/wp\/v2\/product_tag?post=107683"}],"curies":[{"name":"wp","href":"https:\/\/api.w.org\/{rel}","templated":true}]}}