{"id":107708,"date":"2023-03-23T11:28:58","date_gmt":"2023-03-23T03:28:58","guid":{"rendered":"https:\/\/www.mobile-well.com\/?post_type=product&#038;p=107708"},"modified":"2023-03-23T11:28:59","modified_gmt":"2023-03-23T03:28:59","slug":"copia-de-la-funda-original-de-silicona-liquida-para-telefono-con-inyeccion-de-aceite","status":"publish","type":"product","link":"https:\/\/www.mobile-well.com\/es\/producto\/copia-de-la-funda-original-de-silicona-liquida-para-telefono-con-inyeccion-de-aceite\/","title":{"rendered":"Copia de la funda original de silicona l\u00edquida para tel\u00e9fono con inyecci\u00f3n de aceite"},"content":{"rendered":"","protected":false},"excerpt":{"rendered":"<ul>\n<li>N.\u00ba de producto P0130-A01<\/li>\n<li>MOQ:300Pcs\/Modelo,50Pcs\/color<\/li>\n<li>Material:Silicona<\/li>\n<li>Artesan\u00eda:Inyecci\u00f3n de aceite<\/li>\n<li>N.W del producto: 33.2g<\/li>\n<li>Producto G.W(Con Prensa Embalaje):43.2g<\/li>\n<li>Tama\u00f1o CTN: 60*45*33cm 500pcs\/ctn 21.6KG<\/li>\n<\/ul>\n","protected":false},"featured_media":107839,"template":"","meta":[],"product_brand":[],"product_cat":[77],"product_tag":[7893],"class_list":{"0":"post-107708","1":"product","2":"type-product","3":"status-publish","4":"has-post-thumbnail","6":"product_cat-fundas","7":"product_tag-funda-de-silicona-para-telefono","9":"first","10":"instock","11":"shipping-taxable","12":"product-type-simple"},"jetpack_sharing_enabled":true,"_links":{"self":[{"href":"https:\/\/www.mobile-well.com\/es\/wp-json\/wp\/v2\/product\/107708","targetHints":{"allow":["GET"]}}],"collection":[{"href":"https:\/\/www.mobile-well.com\/es\/wp-json\/wp\/v2\/product"}],"about":[{"href":"https:\/\/www.mobile-well.com\/es\/wp-json\/wp\/v2\/types\/product"}],"wp:featuredmedia":[{"embeddable":true,"href":"https:\/\/www.mobile-well.com\/es\/wp-json\/wp\/v2\/media\/107839"}],"wp:attachment":[{"href":"https:\/\/www.mobile-well.com\/es\/wp-json\/wp\/v2\/media?parent=107708"}],"wp:term":[{"taxonomy":"product_brand","embeddable":true,"href":"https:\/\/www.mobile-well.com\/es\/wp-json\/wp\/v2\/product_brand?post=107708"},{"taxonomy":"product_cat","embeddable":true,"href":"https:\/\/www.mobile-well.com\/es\/wp-json\/wp\/v2\/product_cat?post=107708"},{"taxonomy":"product_tag","embeddable":true,"href":"https:\/\/www.mobile-well.com\/es\/wp-json\/wp\/v2\/product_tag?post=107708"}],"curies":[{"name":"wp","href":"https:\/\/api.w.org\/{rel}","templated":true}]}}