{"id":108029,"date":"2023-03-27T15:00:30","date_gmt":"2023-03-27T07:00:30","guid":{"rendered":"https:\/\/www.mobile-well.com\/?post_type=product&#038;p=108029"},"modified":"2023-08-19T15:14:08","modified_gmt":"2023-08-19T07:14:08","slug":"venta-al-por-mayor-fundas-de-telefono-movil-anillo-de-plastico-soporte-trasero-con-pulsera-pintada-tpu-funda-protectora","status":"publish","type":"product","link":"https:\/\/www.mobile-well.com\/es\/producto\/venta-al-por-mayor-fundas-de-telefono-movil-anillo-de-plastico-soporte-trasero-con-pulsera-pintada-tpu-funda-protectora\/","title":{"rendered":"Venta al por mayor fundas de tel\u00e9fono m\u00f3vil Anillo de pl\u00e1stico soporte trasero con pulsera pintada TPU funda protectora"},"content":{"rendered":"","protected":false},"excerpt":{"rendered":"<ul>\n<li>N.\u00ba de producto P0130-A12<\/li>\n<li style=\"text-align: left\">MOQ:200Pcs\/Modelo,50Pcs\/color<\/li>\n<li style=\"text-align: left\">Material:TPU<\/li>\n<li style=\"text-align: left\">Artesan\u00eda:Pintura+Pulsera<\/li>\n<li>N.W del producto: 51.5g<\/li>\n<li style=\"text-align: left\">Tama\u00f1o CTN: 60*45*33cm 500pcs\/ctn 25.75KG<\/li>\n<\/ul>\n","protected":false},"featured_media":108030,"template":"","meta":[],"product_brand":[],"product_cat":[77],"product_tag":[8374,8375],"class_list":{"0":"post-108029","1":"product","2":"type-product","3":"status-publish","4":"has-post-thumbnail","6":"product_cat-fundas","7":"product_tag-fundas-de-telefono-movil","8":"product_tag-tpu-funda-protectora","10":"first","11":"instock","12":"shipping-taxable","13":"product-type-simple"},"jetpack_sharing_enabled":true,"_links":{"self":[{"href":"https:\/\/www.mobile-well.com\/es\/wp-json\/wp\/v2\/product\/108029","targetHints":{"allow":["GET"]}}],"collection":[{"href":"https:\/\/www.mobile-well.com\/es\/wp-json\/wp\/v2\/product"}],"about":[{"href":"https:\/\/www.mobile-well.com\/es\/wp-json\/wp\/v2\/types\/product"}],"wp:featuredmedia":[{"embeddable":true,"href":"https:\/\/www.mobile-well.com\/es\/wp-json\/wp\/v2\/media\/108030"}],"wp:attachment":[{"href":"https:\/\/www.mobile-well.com\/es\/wp-json\/wp\/v2\/media?parent=108029"}],"wp:term":[{"taxonomy":"product_brand","embeddable":true,"href":"https:\/\/www.mobile-well.com\/es\/wp-json\/wp\/v2\/product_brand?post=108029"},{"taxonomy":"product_cat","embeddable":true,"href":"https:\/\/www.mobile-well.com\/es\/wp-json\/wp\/v2\/product_cat?post=108029"},{"taxonomy":"product_tag","embeddable":true,"href":"https:\/\/www.mobile-well.com\/es\/wp-json\/wp\/v2\/product_tag?post=108029"}],"curies":[{"name":"wp","href":"https:\/\/api.w.org\/{rel}","templated":true}]}}