{"id":108137,"date":"2023-03-31T14:27:55","date_gmt":"2023-03-31T06:27:55","guid":{"rendered":"https:\/\/www.mobile-well.com\/?post_type=product&#038;p=108137"},"modified":"2023-03-31T14:28:06","modified_gmt":"2023-03-31T06:28:06","slug":"auriculares-bluetooth-inalambricos-v5-3-para-juegos-musica-y-llamadas-en-alta-definicion","status":"publish","type":"product","link":"https:\/\/www.mobile-well.com\/es\/producto\/auriculares-bluetooth-inalambricos-v5-3-para-juegos-musica-y-llamadas-en-alta-definicion\/","title":{"rendered":"Auriculares Bluetooth inal\u00e1mbricos V5.3 para juegos, m\u00fasica y llamadas en alta definici\u00f3n"},"content":{"rendered":"","protected":false},"excerpt":{"rendered":"<ul>\n<li>Nombre: Q31<\/li>\n<li>Capacidad de la bater\u00eda: 40mah para los auriculares, 300mah para el compartimento de carga<\/li>\n<li>Tiempo de escucha: unas 4 horas<\/li>\n<li>Color: morado, negro, blanco<\/li>\n<\/ul>\n","protected":false},"featured_media":108152,"template":"","meta":[],"product_brand":[],"product_cat":[3017],"product_tag":[7914],"class_list":{"0":"post-108137","1":"product","2":"type-product","3":"status-publish","4":"has-post-thumbnail","6":"product_cat-auriculares","7":"product_tag-auriculares-bluetooth-inalambricos","9":"first","10":"instock","11":"shipping-taxable","12":"product-type-simple"},"jetpack_sharing_enabled":true,"_links":{"self":[{"href":"https:\/\/www.mobile-well.com\/es\/wp-json\/wp\/v2\/product\/108137","targetHints":{"allow":["GET"]}}],"collection":[{"href":"https:\/\/www.mobile-well.com\/es\/wp-json\/wp\/v2\/product"}],"about":[{"href":"https:\/\/www.mobile-well.com\/es\/wp-json\/wp\/v2\/types\/product"}],"wp:featuredmedia":[{"embeddable":true,"href":"https:\/\/www.mobile-well.com\/es\/wp-json\/wp\/v2\/media\/108152"}],"wp:attachment":[{"href":"https:\/\/www.mobile-well.com\/es\/wp-json\/wp\/v2\/media?parent=108137"}],"wp:term":[{"taxonomy":"product_brand","embeddable":true,"href":"https:\/\/www.mobile-well.com\/es\/wp-json\/wp\/v2\/product_brand?post=108137"},{"taxonomy":"product_cat","embeddable":true,"href":"https:\/\/www.mobile-well.com\/es\/wp-json\/wp\/v2\/product_cat?post=108137"},{"taxonomy":"product_tag","embeddable":true,"href":"https:\/\/www.mobile-well.com\/es\/wp-json\/wp\/v2\/product_tag?post=108137"}],"curies":[{"name":"wp","href":"https:\/\/api.w.org\/{rel}","templated":true}]}}