{"id":108235,"date":"2023-03-31T15:00:57","date_gmt":"2023-03-31T07:00:57","guid":{"rendered":"https:\/\/www.mobile-well.com\/?post_type=product&#038;p=108235"},"modified":"2023-08-18T15:56:49","modified_gmt":"2023-08-18T07:56:49","slug":"funda-metalica-ultrafina-de-alta-calidad-con-todo-incluido-para-el-movil","status":"publish","type":"product","link":"https:\/\/www.mobile-well.com\/es\/producto\/funda-metalica-ultrafina-de-alta-calidad-con-todo-incluido-para-el-movil\/","title":{"rendered":"Funda met\u00e1lica ultrafina de alta calidad con todo incluido para el m\u00f3vil"},"content":{"rendered":"","protected":false},"excerpt":{"rendered":"<div>1.360\u00b0fina carcasa met\u00e1lica<\/div>\n<div>2. Nueva pel\u00edcula y la integraci\u00f3n de la c\u00e1scara, el 99% de restauraci\u00f3n de la textura de la m\u00e1quina real, toda la red de ultra-delgada funda protectora de envoltura completa, la delgadez de 0,25 mm<\/div>\n<div>3. Selecci\u00f3n no s\u00f3lo del color original, 8 colores para elegir<\/div>\n<div>4. Acoplamiento sin costuras de la pel\u00edcula frontal y la carcasa trasera<\/div>\n<div><\/div>\n","protected":false},"featured_media":108248,"template":"","meta":[],"product_brand":[],"product_cat":[77],"product_tag":[8358],"class_list":{"0":"post-108235","1":"product","2":"type-product","3":"status-publish","4":"has-post-thumbnail","6":"product_cat-fundas","7":"product_tag-funda-metalica-ultrafina","9":"first","10":"instock","11":"shipping-taxable","12":"product-type-simple"},"jetpack_sharing_enabled":true,"_links":{"self":[{"href":"https:\/\/www.mobile-well.com\/es\/wp-json\/wp\/v2\/product\/108235","targetHints":{"allow":["GET"]}}],"collection":[{"href":"https:\/\/www.mobile-well.com\/es\/wp-json\/wp\/v2\/product"}],"about":[{"href":"https:\/\/www.mobile-well.com\/es\/wp-json\/wp\/v2\/types\/product"}],"wp:featuredmedia":[{"embeddable":true,"href":"https:\/\/www.mobile-well.com\/es\/wp-json\/wp\/v2\/media\/108248"}],"wp:attachment":[{"href":"https:\/\/www.mobile-well.com\/es\/wp-json\/wp\/v2\/media?parent=108235"}],"wp:term":[{"taxonomy":"product_brand","embeddable":true,"href":"https:\/\/www.mobile-well.com\/es\/wp-json\/wp\/v2\/product_brand?post=108235"},{"taxonomy":"product_cat","embeddable":true,"href":"https:\/\/www.mobile-well.com\/es\/wp-json\/wp\/v2\/product_cat?post=108235"},{"taxonomy":"product_tag","embeddable":true,"href":"https:\/\/www.mobile-well.com\/es\/wp-json\/wp\/v2\/product_tag?post=108235"}],"curies":[{"name":"wp","href":"https:\/\/api.w.org\/{rel}","templated":true}]}}