{"id":108310,"date":"2023-03-31T15:18:05","date_gmt":"2023-03-31T07:18:05","guid":{"rendered":"https:\/\/www.mobile-well.com\/?post_type=product&#038;p=108310"},"modified":"2023-08-18T15:19:41","modified_gmt":"2023-08-18T07:19:41","slug":"protector-de-pantalla-de-cristal-templado-antiestatico-esd-para-telefonos-moviles","status":"publish","type":"product","link":"https:\/\/www.mobile-well.com\/es\/producto\/protector-de-pantalla-de-cristal-templado-antiestatico-esd-para-telefonos-moviles\/","title":{"rendered":"Protector de pantalla de cristal templado antiest\u00e1tico ESD para tel\u00e9fonos m\u00f3viles"},"content":{"rendered":"","protected":false},"excerpt":{"rendered":"<ul>\n<li>Pegamento : 280 Anti-peeping Anti-static Glue<\/li>\n<li>Material :0.3 Vidrio de alto aluminio<\/li>\n<li>Tiempo de templado:4 horas<\/li>\n<li>Arco de borde : 100<\/li>\n<li>Color: Negro<\/li>\n<li>Artesan\u00eda : Recubrimiento de Plasma de Aceite Dual<\/li>\n<li>N.W. del producto:19.6G (Modelo para I-PH 14\/13\/13 PRO)<\/li>\n<li>N.W. del producto:15.8G (Modelo para 1-PH 14 PLUG\/13 PRO MAX)<\/li>\n<li>Especificaciones de embalaje:Embalaje 10 en 1<\/li>\n<li>CTN\/size:60* 45*33cm,1300PCS,25KG<\/li>\n<li>CTN\/ size:60*45*33cm,600PCS,22KG<\/li>\n<li>*Podemos proporcionar para I-PH y otros modelos<\/li>\n<li>*Modelo para I-PH 14\/13\/13 PRO o I-PH 14 PLUG\/13 PRO MAX<\/li>\n<\/ul>\n","protected":false},"featured_media":108319,"template":"","meta":[],"product_brand":[],"product_cat":[78],"product_tag":[6718],"class_list":{"0":"post-108310","1":"product","2":"type-product","3":"status-publish","4":"has-post-thumbnail","6":"product_cat-films-protectores","7":"product_tag-protector-de-pantalla","9":"first","10":"instock","11":"shipping-taxable","12":"product-type-simple"},"jetpack_sharing_enabled":true,"_links":{"self":[{"href":"https:\/\/www.mobile-well.com\/es\/wp-json\/wp\/v2\/product\/108310","targetHints":{"allow":["GET"]}}],"collection":[{"href":"https:\/\/www.mobile-well.com\/es\/wp-json\/wp\/v2\/product"}],"about":[{"href":"https:\/\/www.mobile-well.com\/es\/wp-json\/wp\/v2\/types\/product"}],"wp:featuredmedia":[{"embeddable":true,"href":"https:\/\/www.mobile-well.com\/es\/wp-json\/wp\/v2\/media\/108319"}],"wp:attachment":[{"href":"https:\/\/www.mobile-well.com\/es\/wp-json\/wp\/v2\/media?parent=108310"}],"wp:term":[{"taxonomy":"product_brand","embeddable":true,"href":"https:\/\/www.mobile-well.com\/es\/wp-json\/wp\/v2\/product_brand?post=108310"},{"taxonomy":"product_cat","embeddable":true,"href":"https:\/\/www.mobile-well.com\/es\/wp-json\/wp\/v2\/product_cat?post=108310"},{"taxonomy":"product_tag","embeddable":true,"href":"https:\/\/www.mobile-well.com\/es\/wp-json\/wp\/v2\/product_tag?post=108310"}],"curies":[{"name":"wp","href":"https:\/\/api.w.org\/{rel}","templated":true}]}}