{"id":108351,"date":"2023-04-04T09:26:20","date_gmt":"2023-04-04T01:26:20","guid":{"rendered":"https:\/\/www.mobile-well.com\/?post_type=product&#038;p=108351"},"modified":"2023-08-18T15:07:39","modified_gmt":"2023-08-18T07:07:39","slug":"1500-mah-capacidad-de-la-bateriamayorista-multifuncion-dual-rgb-bluetooth-audio-estereo-portatil","status":"publish","type":"product","link":"https:\/\/www.mobile-well.com\/es\/producto\/1500-mah-capacidad-de-la-bateriamayorista-multifuncion-dual-rgb-bluetooth-audio-estereo-portatil\/","title":{"rendered":"1500 MAH Capacidad de la bater\u00edaMayorista Multifunci\u00f3n Dual RGB Bluetooth Audio Est\u00e9reo Port\u00e1til"},"content":{"rendered":"","protected":false},"excerpt":{"rendered":"<ul>\n<li>Nuevo modelo privado: TF,USB,FM,TWS funci\u00f3n docking<\/li>\n<li>Caracter\u00edsticas: luz fantasma, 5 botones<\/li>\n<li>Unidad de altavoz: 4*2<\/li>\n<li>Potencia : 5W*2<\/li>\n<li>Bater\u00eda: 1500mAH\/3.7V<\/li>\n<li>Color: Negro<\/li>\n<\/ul>\n","protected":false},"featured_media":108372,"template":"","meta":[],"product_brand":[],"product_cat":[310],"product_tag":[8351],"class_list":{"0":"post-108351","1":"product","2":"type-product","3":"status-publish","4":"has-post-thumbnail","6":"product_cat-parlantes","7":"product_tag-rgb-bluetooth-audio-estereo-portatil","9":"first","10":"instock","11":"shipping-taxable","12":"product-type-simple"},"jetpack_sharing_enabled":true,"_links":{"self":[{"href":"https:\/\/www.mobile-well.com\/es\/wp-json\/wp\/v2\/product\/108351","targetHints":{"allow":["GET"]}}],"collection":[{"href":"https:\/\/www.mobile-well.com\/es\/wp-json\/wp\/v2\/product"}],"about":[{"href":"https:\/\/www.mobile-well.com\/es\/wp-json\/wp\/v2\/types\/product"}],"wp:featuredmedia":[{"embeddable":true,"href":"https:\/\/www.mobile-well.com\/es\/wp-json\/wp\/v2\/media\/108372"}],"wp:attachment":[{"href":"https:\/\/www.mobile-well.com\/es\/wp-json\/wp\/v2\/media?parent=108351"}],"wp:term":[{"taxonomy":"product_brand","embeddable":true,"href":"https:\/\/www.mobile-well.com\/es\/wp-json\/wp\/v2\/product_brand?post=108351"},{"taxonomy":"product_cat","embeddable":true,"href":"https:\/\/www.mobile-well.com\/es\/wp-json\/wp\/v2\/product_cat?post=108351"},{"taxonomy":"product_tag","embeddable":true,"href":"https:\/\/www.mobile-well.com\/es\/wp-json\/wp\/v2\/product_tag?post=108351"}],"curies":[{"name":"wp","href":"https:\/\/api.w.org\/{rel}","templated":true}]}}