{"id":108629,"date":"2023-04-10T16:55:04","date_gmt":"2023-04-10T08:55:04","guid":{"rendered":"https:\/\/www.mobile-well.com\/?post_type=product&#038;p=108629"},"modified":"2024-04-13T15:37:04","modified_gmt":"2024-04-13T07:37:04","slug":"electrochapado-luz-que-fluye-drawbench-tpu-phone-case","status":"publish","type":"product","link":"https:\/\/www.mobile-well.com\/es\/producto\/electrochapado-luz-que-fluye-drawbench-tpu-phone-case\/","title":{"rendered":"Venta al por mayor galvanoplastia flujo \u00f3ptico cepillado tel\u00e9fono m\u00f3vil caso TPU impermeable funda protectora"},"content":{"rendered":"","protected":false},"excerpt":{"rendered":"<ul>\n<li>N.\u00ba de producto P0330-A05<\/li>\n<li>MOQ:20Pcs\/Modelo\/color<\/li>\n<li>Una cantidad de la orden total de 1000pcs en la medida de lo posible<\/li>\n<li>Material:TPU<\/li>\n<li>Artesan\u00eda:Galvanoplastia<\/li>\n<li>N.W del producto: 31.5g<\/li>\n<li>Tama\u00f1o CTN: 60*45*33cm 500pcs\/ctn 15.75KG<\/li>\n<\/ul>\n","protected":false},"featured_media":108638,"template":"","meta":[],"product_brand":[],"product_cat":[77],"product_tag":[8329],"class_list":{"0":"post-108629","1":"product","2":"type-product","3":"status-publish","4":"has-post-thumbnail","6":"product_cat-fundas","7":"product_tag-tpu-impermeable-funda-protectora","9":"first","10":"instock","11":"shipping-taxable","12":"product-type-simple"},"jetpack_sharing_enabled":true,"_links":{"self":[{"href":"https:\/\/www.mobile-well.com\/es\/wp-json\/wp\/v2\/product\/108629","targetHints":{"allow":["GET"]}}],"collection":[{"href":"https:\/\/www.mobile-well.com\/es\/wp-json\/wp\/v2\/product"}],"about":[{"href":"https:\/\/www.mobile-well.com\/es\/wp-json\/wp\/v2\/types\/product"}],"wp:featuredmedia":[{"embeddable":true,"href":"https:\/\/www.mobile-well.com\/es\/wp-json\/wp\/v2\/media\/108638"}],"wp:attachment":[{"href":"https:\/\/www.mobile-well.com\/es\/wp-json\/wp\/v2\/media?parent=108629"}],"wp:term":[{"taxonomy":"product_brand","embeddable":true,"href":"https:\/\/www.mobile-well.com\/es\/wp-json\/wp\/v2\/product_brand?post=108629"},{"taxonomy":"product_cat","embeddable":true,"href":"https:\/\/www.mobile-well.com\/es\/wp-json\/wp\/v2\/product_cat?post=108629"},{"taxonomy":"product_tag","embeddable":true,"href":"https:\/\/www.mobile-well.com\/es\/wp-json\/wp\/v2\/product_tag?post=108629"}],"curies":[{"name":"wp","href":"https:\/\/api.w.org\/{rel}","templated":true}]}}