{"id":108945,"date":"2023-04-18T11:40:57","date_gmt":"2023-04-18T03:40:57","guid":{"rendered":"https:\/\/www.mobile-well.com\/?post_type=product&#038;p=108945"},"modified":"2023-04-18T11:40:58","modified_gmt":"2023-04-18T03:40:58","slug":"promocion-funda-para-telefono-con-inyeccion-de-aceite-de-silicona-liquida","status":"publish","type":"product","link":"https:\/\/www.mobile-well.com\/es\/producto\/promocion-funda-para-telefono-con-inyeccion-de-aceite-de-silicona-liquida\/","title":{"rendered":"Promoci\u00f3n Funda para tel\u00e9fono con inyecci\u00f3n de aceite de silicona l\u00edquida"},"content":{"rendered":"","protected":false},"excerpt":{"rendered":"<ul>\n<li>Producto NO.: P0330-A15<\/li>\n<li>MOQ:300pcs\/modelo, 100pcs\/color<\/li>\n<li>Material:Silicona<\/li>\n<li>Artesan\u00eda:Inyecci\u00f3n de aceite<\/li>\n<li>G.W del producto (con el embalaje de la prensa): 41.5g<\/li>\n<li>Tama\u00f1o CTN: 60*45*33cm 500pcs\/ctn 20.75KG<\/li>\n<\/ul>\n","protected":false},"featured_media":109054,"template":"","meta":[],"product_brand":[],"product_cat":[77],"product_tag":[7955],"class_list":{"0":"post-108945","1":"product","2":"type-product","3":"status-publish","4":"has-post-thumbnail","6":"product_cat-fundas","7":"product_tag-funda-de-silicona-liquida-para-telefono","9":"first","10":"instock","11":"shipping-taxable","12":"product-type-simple"},"jetpack_sharing_enabled":true,"_links":{"self":[{"href":"https:\/\/www.mobile-well.com\/es\/wp-json\/wp\/v2\/product\/108945","targetHints":{"allow":["GET"]}}],"collection":[{"href":"https:\/\/www.mobile-well.com\/es\/wp-json\/wp\/v2\/product"}],"about":[{"href":"https:\/\/www.mobile-well.com\/es\/wp-json\/wp\/v2\/types\/product"}],"wp:featuredmedia":[{"embeddable":true,"href":"https:\/\/www.mobile-well.com\/es\/wp-json\/wp\/v2\/media\/109054"}],"wp:attachment":[{"href":"https:\/\/www.mobile-well.com\/es\/wp-json\/wp\/v2\/media?parent=108945"}],"wp:term":[{"taxonomy":"product_brand","embeddable":true,"href":"https:\/\/www.mobile-well.com\/es\/wp-json\/wp\/v2\/product_brand?post=108945"},{"taxonomy":"product_cat","embeddable":true,"href":"https:\/\/www.mobile-well.com\/es\/wp-json\/wp\/v2\/product_cat?post=108945"},{"taxonomy":"product_tag","embeddable":true,"href":"https:\/\/www.mobile-well.com\/es\/wp-json\/wp\/v2\/product_tag?post=108945"}],"curies":[{"name":"wp","href":"https:\/\/api.w.org\/{rel}","templated":true}]}}