{"id":109233,"date":"2023-04-26T14:28:59","date_gmt":"2023-04-26T06:28:59","guid":{"rendered":"https:\/\/www.mobile-well.com\/?post_type=product&#038;p=109233"},"modified":"2023-04-26T14:29:10","modified_gmt":"2023-04-26T06:29:10","slug":"ms-2232bt-nuevo-phantom-light-bluetooth-audio","status":"publish","type":"product","link":"https:\/\/www.mobile-well.com\/es\/producto\/ms-2232bt-nuevo-phantom-light-bluetooth-audio\/","title":{"rendered":"MS-2232BT Nuevo Phantom Light Bluetooth Audio"},"content":{"rendered":"","protected":false},"excerpt":{"rendered":"<ul>\n<li>Color: negro, gris, rojo, azul, verde, rosa, morado, naranja<\/li>\n<li>Caracter\u00edsticas:con Bluetooth, funci\u00f3n USB, con funci\u00f3n de radio, 5 modos de iluminaci\u00f3n, con funci\u00f3n de acoplamiento TWS<\/li>\n<li>Unidad de altavoz: 2<\/li>\n<\/ul>\n","protected":false},"featured_media":109238,"template":"","meta":[],"product_brand":[],"product_cat":[310],"product_tag":[7965],"class_list":{"0":"post-109233","1":"product","2":"type-product","3":"status-publish","4":"has-post-thumbnail","6":"product_cat-parlantes","7":"product_tag-bluetooth-audio","9":"first","10":"instock","11":"shipping-taxable","12":"product-type-simple"},"jetpack_sharing_enabled":true,"_links":{"self":[{"href":"https:\/\/www.mobile-well.com\/es\/wp-json\/wp\/v2\/product\/109233","targetHints":{"allow":["GET"]}}],"collection":[{"href":"https:\/\/www.mobile-well.com\/es\/wp-json\/wp\/v2\/product"}],"about":[{"href":"https:\/\/www.mobile-well.com\/es\/wp-json\/wp\/v2\/types\/product"}],"wp:featuredmedia":[{"embeddable":true,"href":"https:\/\/www.mobile-well.com\/es\/wp-json\/wp\/v2\/media\/109238"}],"wp:attachment":[{"href":"https:\/\/www.mobile-well.com\/es\/wp-json\/wp\/v2\/media?parent=109233"}],"wp:term":[{"taxonomy":"product_brand","embeddable":true,"href":"https:\/\/www.mobile-well.com\/es\/wp-json\/wp\/v2\/product_brand?post=109233"},{"taxonomy":"product_cat","embeddable":true,"href":"https:\/\/www.mobile-well.com\/es\/wp-json\/wp\/v2\/product_cat?post=109233"},{"taxonomy":"product_tag","embeddable":true,"href":"https:\/\/www.mobile-well.com\/es\/wp-json\/wp\/v2\/product_tag?post=109233"}],"curies":[{"name":"wp","href":"https:\/\/api.w.org\/{rel}","templated":true}]}}