{"id":109256,"date":"2023-04-26T14:36:14","date_gmt":"2023-04-26T06:36:14","guid":{"rendered":"https:\/\/www.mobile-well.com\/?post_type=product&#038;p=109256"},"modified":"2023-04-26T14:36:24","modified_gmt":"2023-04-26T06:36:24","slug":"ms-2240bt-nuevo-phantom-light-bluetooth-audio","status":"publish","type":"product","link":"https:\/\/www.mobile-well.com\/es\/producto\/ms-2240bt-nuevo-phantom-light-bluetooth-audio\/","title":{"rendered":"MS-2240BT Nuevo Phantom Light Bluetooth Audio"},"content":{"rendered":"","protected":false},"excerpt":{"rendered":"<ul>\n<li>Colores: negro, gris, rojo, azul, verde, rosa, morado, naranja, cian<\/li>\n<li>Caracter\u00edsticas: con Bluetooth, funci\u00f3n USB, con funci\u00f3n de radio, 5 modos de iluminaci\u00f3n, con funci\u00f3n de acoplamiento TWS<\/li>\n<li>Unidad de altavoz: 2<\/li>\n<li>Capacidad de la bater\u00eda:500mah<\/li>\n<\/ul>\n","protected":false},"featured_media":109263,"template":"","meta":[],"product_brand":[],"product_cat":[310],"product_tag":[7965],"class_list":{"0":"post-109256","1":"product","2":"type-product","3":"status-publish","4":"has-post-thumbnail","6":"product_cat-parlantes","7":"product_tag-bluetooth-audio","9":"first","10":"instock","11":"shipping-taxable","12":"product-type-simple"},"jetpack_sharing_enabled":true,"_links":{"self":[{"href":"https:\/\/www.mobile-well.com\/es\/wp-json\/wp\/v2\/product\/109256","targetHints":{"allow":["GET"]}}],"collection":[{"href":"https:\/\/www.mobile-well.com\/es\/wp-json\/wp\/v2\/product"}],"about":[{"href":"https:\/\/www.mobile-well.com\/es\/wp-json\/wp\/v2\/types\/product"}],"wp:featuredmedia":[{"embeddable":true,"href":"https:\/\/www.mobile-well.com\/es\/wp-json\/wp\/v2\/media\/109263"}],"wp:attachment":[{"href":"https:\/\/www.mobile-well.com\/es\/wp-json\/wp\/v2\/media?parent=109256"}],"wp:term":[{"taxonomy":"product_brand","embeddable":true,"href":"https:\/\/www.mobile-well.com\/es\/wp-json\/wp\/v2\/product_brand?post=109256"},{"taxonomy":"product_cat","embeddable":true,"href":"https:\/\/www.mobile-well.com\/es\/wp-json\/wp\/v2\/product_cat?post=109256"},{"taxonomy":"product_tag","embeddable":true,"href":"https:\/\/www.mobile-well.com\/es\/wp-json\/wp\/v2\/product_tag?post=109256"}],"curies":[{"name":"wp","href":"https:\/\/api.w.org\/{rel}","templated":true}]}}