{"id":109281,"date":"2023-04-26T14:44:50","date_gmt":"2023-04-26T06:44:50","guid":{"rendered":"https:\/\/www.mobile-well.com\/?post_type=product&#038;p=109281"},"modified":"2023-08-14T11:36:13","modified_gmt":"2023-08-14T03:36:13","slug":"venta-al-por-mayor-auriculares-inalambricos-cancelacion-de-ruido-auriculares-bluetooth-estereo-auriculares-para-juegos","status":"publish","type":"product","link":"https:\/\/www.mobile-well.com\/es\/producto\/venta-al-por-mayor-auriculares-inalambricos-cancelacion-de-ruido-auriculares-bluetooth-estereo-auriculares-para-juegos\/","title":{"rendered":"Venta al por mayor auriculares inal\u00e1mbricos cancelaci\u00f3n de ruido auriculares bluetooth est\u00e9reo auriculares para juegos"},"content":{"rendered":"","protected":false},"excerpt":{"rendered":"<ul>\n<li>Modelo: 6983 D2<\/li>\n<li>Bater\u00eda del auricular: 30 mAh<\/li>\n<li>Bater\u00eda de la papelera: 200 mAh<\/li>\n<\/ul>\n","protected":false},"featured_media":109302,"template":"","meta":[],"product_brand":[],"product_cat":[3017],"product_tag":[8282],"class_list":{"0":"post-109281","1":"product","2":"type-product","3":"status-publish","4":"has-post-thumbnail","6":"product_cat-auriculares","7":"product_tag-estereo-auriculares-para-juegos","9":"first","10":"instock","11":"shipping-taxable","12":"product-type-simple"},"jetpack_sharing_enabled":true,"_links":{"self":[{"href":"https:\/\/www.mobile-well.com\/es\/wp-json\/wp\/v2\/product\/109281","targetHints":{"allow":["GET"]}}],"collection":[{"href":"https:\/\/www.mobile-well.com\/es\/wp-json\/wp\/v2\/product"}],"about":[{"href":"https:\/\/www.mobile-well.com\/es\/wp-json\/wp\/v2\/types\/product"}],"wp:featuredmedia":[{"embeddable":true,"href":"https:\/\/www.mobile-well.com\/es\/wp-json\/wp\/v2\/media\/109302"}],"wp:attachment":[{"href":"https:\/\/www.mobile-well.com\/es\/wp-json\/wp\/v2\/media?parent=109281"}],"wp:term":[{"taxonomy":"product_brand","embeddable":true,"href":"https:\/\/www.mobile-well.com\/es\/wp-json\/wp\/v2\/product_brand?post=109281"},{"taxonomy":"product_cat","embeddable":true,"href":"https:\/\/www.mobile-well.com\/es\/wp-json\/wp\/v2\/product_cat?post=109281"},{"taxonomy":"product_tag","embeddable":true,"href":"https:\/\/www.mobile-well.com\/es\/wp-json\/wp\/v2\/product_tag?post=109281"}],"curies":[{"name":"wp","href":"https:\/\/api.w.org\/{rel}","templated":true}]}}